{"id":2724,"date":"2026-02-11T16:16:02","date_gmt":"2026-02-11T16:16:02","guid":{"rendered":"https:\/\/liveedgetimber.com\/product\/pine-plugs\/"},"modified":"2026-03-04T18:56:27","modified_gmt":"2026-03-04T18:56:27","slug":"bouchons-en-pin","status":"publish","type":"product","link":"https:\/\/liveedgetimber.com\/fr\/produit\/bouchons-en-pin\/","title":{"rendered":"Bouchons en pin Timber-Link \u2013 Paquet de 20"},"content":{"rendered":"\n<section class=\"wp-block-group alignfull single_content general_padding_double padding_bottom_semibig has-beige-clair-background-color has-background is-layout-flow wp-block-group-is-layout-flow\">\n<h5 class=\"wp-block-heading max_text\">Bouchons en pin Timber-Link \u2013 Paquet de 20<\/h5>\n\n\n\n<div style=\"height:4.2rem\" aria-hidden=\"true\" class=\"wp-block-spacer\"><\/div>\n\n\n\n<p>Les bouchons en pin Timber-Link sont con\u00e7us pour offrir une finition propre et professionnelle en dissimulant les vis et les trous de fixation dans les projets en bois. Fabriqu\u00e9s en pin de qualit\u00e9, ils s\u2019harmonisent naturellement avec les surfaces en bois et sont id\u00e9als pour le mobilier, les assemblages structuraux et les travaux de finition. Faciles \u00e0 installer et \u00e0 poncer, ils permettent d\u2019obtenir un aspect lisse et uniforme.<br><br><\/p>\n\n\n\n<p>Les bouchons en pin Timber-Link sont parfaits pour dissimuler les trous pr\u00e9-perc\u00e9s situ\u00e9s dans un endroit visible.<br><\/p>\n\n\n\n<p>Appliquez de la colle \u00e0 bois dans le trou, puis ins\u00e9rez le bouchon en pin.<br>Retirez l\u2019exc\u00e9dent de colle et laissez s\u00e9cher.<\/p>\n\n\n\n<p>Poncez l\u00e9g\u00e8rement la surface.<\/p>\n\n\n\n<p><strong>Pack size:<\/strong> 20 units<br><br><\/p>\n\n\n\n<p><strong>Mat\u00e9riau :<\/strong> Pin naturel<\/p>\n\n\n\n<p><strong>Quantit\u00e9 :<\/strong> Paquet de 20 bouchons<\/p>\n\n\n\n<p><strong>Finition :<\/strong> Non fini \/ pr\u00eat \u00e0 \u00eatre ponc\u00e9, teint ou peint<\/p>\n\n\n\n<p><strong>Ajustement :<\/strong> Con\u00e7u pour masquer les trous de vis standards<\/p>\n\n\n\n<p><strong>Installation :<\/strong> Pose par pression ou avec colle<\/p>\n\n\n\n<p><strong>Utilisation :<\/strong> Int\u00e9rieur ou ext\u00e9rieur prot\u00e9g\u00e9<\/p>\n\n\n\n<p><strong>Compatibilit\u00e9 :<\/strong> Id\u00e9al pour les assemblages Timber-Link et la menuiserie g\u00e9n\u00e9rale<\/p>\n\n\n\n<p><strong>Fabriqu\u00e9 au Canada<\/strong><\/p>\n\n\n\n<div style=\"height:6.2rem\" aria-hidden=\"true\" class=\"wp-block-spacer\"><\/div>\n\n\n\r\n<div class=\"accordion align wp-block-acf-accordion-faq\">\r\n    <button class=\"accordionToggle\">\r\n        <span class=\"title\">Question 1<\/span>\r\n        <svg xmlns=\"http:\/\/www.w3.org\/2000\/svg\" width=\"14.868\" height=\"9.648\" viewBox=\"0 0 14.868 9.648\">\r\n            <path id=\"Trac\u00e9_2470\" data-name=\"Trac\u00e9 2470\"\r\n                d=\"M7.434,9.648,0,2.214,2.214,0,7.434,5.219,12.653,0l2.214,2.214Z\" fill=\"#445048\" \/>\r\n        <\/svg>\r\n    <\/button>\r\n    <div class=\"accordionContent\">\r\n        TBD    <\/div>\r\n<\/div>\r\n<div class=\"accordion align wp-block-acf-accordion-faq\">\r\n    <button class=\"accordionToggle\">\r\n        <span class=\"title\">Question 2<\/span>\r\n        <svg xmlns=\"http:\/\/www.w3.org\/2000\/svg\" width=\"14.868\" height=\"9.648\" viewBox=\"0 0 14.868 9.648\">\r\n            <path id=\"Trac\u00e9_2470\" data-name=\"Trac\u00e9 2470\"\r\n                d=\"M7.434,9.648,0,2.214,2.214,0,7.434,5.219,12.653,0l2.214,2.214Z\" fill=\"#445048\" \/>\r\n        <\/svg>\r\n    <\/button>\r\n    <div class=\"accordionContent\">\r\n        TBD    <\/div>\r\n<\/div>\r\n<\/section>\n\n\n\n<section class=\"wp-block-group alignwide slider_suggest_product padding_general padding_y_double is-layout-constrained wp-block-group-is-layout-constrained\">    <div class=\"wrapper_content\">\n        <div class=\"swiper-button-prev\">\n            <!-- your SVG -->\n            <svg xmlns=\"http:\/\/www.w3.org\/2000\/svg\" width=\"46\" height=\"46\" viewBox=\"0 0 46 46\">\n                <g transform=\"translate(-1109 -4729)\">\n                    <g transform=\"translate(1596 5282.359) rotate(180)\">\n                        <g transform=\"translate(441 507.359)\" fill=\"none\" stroke=\"#808D85\" stroke-width=\"1\">\n                            <circle cx=\"23\" cy=\"23\" r=\"23\" stroke=\"none\" \/>\n                            <circle cx=\"23\" cy=\"23\" r=\"22.5\" fill=\"none\" \/>\n                        <\/g>\n                    <\/g>\n                    <path d=\"M8.326,0,6.812,1.514l5.731,5.731H0V9.407H12.543L6.812,15.138l1.514,1.514,8.326-8.326Z\"\n                        transform=\"translate(1139.326 4760.326) rotate(180)\" fill=\"#808D85\" \/>\n                <\/g>\n            <\/svg>\n        <\/div>\n\n        <div class=\"slider_products_information\">\n            <div class=\"swiper products_slider\">\n                <div class=\"swiper-wrapper\">\n                    \n<div class=\"swiper-slide \">\n    <div class=\"woocommerce\" style=\"height: 100%;\">\n        <div style=\"height: 100%;\"\n            class=\"wc-block-product post-1725 product type-product status-publish has-post-thumbnail product_cat-legs first instock shipping-taxable purchasable product-type-simple\">\n                        <div\n                class=\"wc-block-components-product-image wc-block-grid__product-image wc-block-components-product-image--aspect-ratio-auto up wp-block-woocommerce-product-image\">\n                <a href=\"https:\/\/liveedgetimber.com\/fr\/produit\/planches-et-tablettes-timber-link-erable-et-pin\/\" class=\"product-image zoom\">\n                    <img decoding=\"async\" src=\"https:\/\/liveedgetimber.com\/wp-content\/uploads\/2025\/09\/43040-S4S_4_Maple_front_back_here-300x300.jpg\" alt=\"Pi\u00e8ces de Timber-Link (\u00e9rable et pin)\"\n                        class=\"attachment-woocommerce_thumbnail size-woocommerce_thumbnail\">\n                <\/a>\n            <\/div>\n            \n            <div style=\"flex-wrap:wrap;\"\n                class=\"wp-block-group down is-nowrap is-layout-flex wp-container-core-group-is-layout-6c531013 wp-block-group-is-layout-flex\">\n                <h2 style=\"line-height: 1.2; flex: 1 1 100%;\"\n                    class=\"has-text-align-center wp-block-post-title has-medium-font-size animation\"><a\n                        href=\"https:\/\/liveedgetimber.com\/fr\/produit\/planches-et-tablettes-timber-link-erable-et-pin\/\">Pi\u00e8ces de Timber-Link (\u00e9rable et pin)<\/a><\/h2>\n                <div\n                    class=\"wp-block-group is-vertical is-layout-flex wp-container-core-group-is-layout-fe9cc265 wp-block-group-is-layout-flex\">\n                                        <div class=\"wp-block-woocommerce-product-price\">\n                        <div\n                            class=\"wc-block-components-product-price wc-block-grid__product-price has-text-align-center has-font-size has-small-font-size has-text-align-center\">\n                            <span class=\"woocommerce-Price-amount amount\" aria-hidden=\"true\"><bdi><span class=\"woocommerce-Price-currencySymbol\">CAD $<\/span>&nbsp;55.00<\/bdi><\/span> <span aria-hidden=\"true\">\u00a0\u2013\u00a0<\/span> <span class=\"woocommerce-Price-amount amount\" aria-hidden=\"true\"><bdi><span class=\"woocommerce-Price-currencySymbol\">CAD $<\/span>&nbsp;132.00<\/bdi><\/span><span class=\"screen-reader-text\">Plage de prix\u00a0: CAD $&nbsp;55.00 \u00e0 CAD $&nbsp;132.00<\/span>                        <\/div>\n                    <\/div>\n                                    <\/div>\n\n                <div class=\"right\">\n                                        <div data-block-name=\"woocommerce\/product-button\" data-is-descendent-of-query-loop=\"true\"\n                        data-is-inherited=\"1\"\n                        class=\"wp-block-button__link wp-element-button wc-block-components-product-button__button add_to_cart_button ajax_add_to_cart product_type_simple wc-interactive utopian-cart-button\"\n                        data-wp-interactive=\"woocommerce\/product-button\" data-wp-init=\"actions.refreshCartItems\"\n                        data-wp-context=\"{&quot;quantityToAdd&quot;:1,&quot;productId&quot;:1688,&quot;productType&quot;:&quot;simple&quot;,&quot;addToCartText&quot;:&quot;Add to cart&quot;,&quot;tempQuantity&quot;:0,&quot;animationStatus&quot;:&quot;IDLE&quot;,&quot;inTheCartText&quot;:&quot;### in cart&quot;,&quot;noticeId&quot;:&quot;&quot;,&quot;hasPressedButton&quot;:false}\">\n                        <a href=\"https:\/\/liveedgetimber.com\/fr\/produit\/planches-et-tablettes-timber-link-erable-et-pin\/\"\n                            style=\"\n    background: none;\n    padding: 0;\n\" class=\"\" style=\"\" type=\"button\" data-product_id=\"1688\" data-product_sku=\"D6HD\" aria-label=\"Add to cart: \u201cKreg Bit\u201d\"\n                            data-wp-on--click=\"actions.addCartItem\">\n                            <svg xmlns=\"http:\/\/www.w3.org\/2000\/svg\" width=\"32\" height=\"32\" viewBox=\"0 0 46 46\"\n                                style=\"overflow:visible;\">\n                                <defs>\n                                    <clipPath id=\"clip-path\">\n                                        <rect width=\"18.808\" height=\"16.724\" fill=\"#f0e7db\"><\/rect>\n                                    <\/clipPath>\n                                <\/defs>\n                                <g transform=\"translate(-1687 -28)\">\n                                    <circle cx=\"23\" cy=\"23\" r=\"23\" transform=\"translate(1687 28)\" fill=\"#445048\"\n                                        stroke=\"#445048\"><\/circle>\n                                    <g transform=\"translate(1700.189 43)\">\n                                        <g>\n                                            <path\n                                                d=\"M.627,0a.627.627,0,1,0,0,1.254h2L4.782,11.426c.085.383.336.7.653.7H15.888a.627.627,0,1,0,0-1.254H5.945L5.677,9.617H16.724a.646.646,0,0,0,.608-.49L18.8,2.855a.656.656,0,0,0-.608-.764H4.09L3.75.5A.648.648,0,0,0,3.136,0ZM4.351,3.345H17.4L16.228,8.362H5.416Zm3.175,9.2a2.091,2.091,0,1,0,2.091,2.091,2.1,2.1,0,0,0-2.091-2.091m6.272,0a2.091,2.091,0,1,0,2.091,2.091A2.1,2.1,0,0,0,13.8,12.543M7.526,13.8a.836.836,0,1,1-.836.836.827.827,0,0,1,.836-.836m6.272,0a.836.836,0,1,1-.836.836A.827.827,0,0,1,13.8,13.8\"\n                                                fill=\"#f0e7db\"><\/path>\n                                        <\/g>\n                                    <\/g>\n                                <\/g>\n                            <\/svg>\n                        <\/a>\n                    <\/div>\n                                    <\/div>\n\n\n            <\/div>\n        <\/div>\n\n        \n    <\/div>\n<\/div>\n\n                <\/div>\n            <\/div>\n\n            <div class=\"message_no_products\" style=\"display:none;\">\n                Aucun produit trouv\u00e9 dans cette cat\u00e9gorie.            <\/div>\n        <\/div>\n\n        <div class=\"swiper-button-next\">\n            <!-- your SVG -->\n            <svg xmlns=\"http:\/\/www.w3.org\/2000\/svg\" width=\"46\" height=\"46\" viewBox=\"0 0 46 46\">\n                <g transform=\"translate(-1164 -4729)\">\n                    <g transform=\"translate(723 4221.641)\">\n                        <g transform=\"translate(441 507.359)\" fill=\"none\" stroke=\"#808D85\" stroke-width=\"1\">\n                            <circle cx=\"23\" cy=\"23\" r=\"23\" stroke=\"none\" \/>\n                            <circle cx=\"23\" cy=\"23\" r=\"22.5\" fill=\"none\" \/>\n                        <\/g>\n                    <\/g>\n                    <path d=\"M8.326,0,6.812,1.514l5.731,5.731H0V9.407H12.543L6.812,15.138l1.514,1.514,8.326-8.326Z\"\n                        transform=\"translate(1179.674 4743.674)\" fill=\"#808D85\" \/>\n                <\/g>\n            <\/svg>\n        <\/div>\n    <\/div>\n<\/section>\n\n\n\n<section class=\"wp-block-group alignfull double_column padding_general has-bleu-fonce-background-color has-background is-layout-constrained wp-block-group-is-layout-constrained\">\n<div class=\"wp-block-columns is-layout-flex wp-container-core-columns-is-layout-4d326846 wp-block-columns-is-layout-flex\">\n<div class=\"wp-block-column is-vertically-aligned-center is-layout-flow wp-block-column-is-layout-flow\">\n<p class=\"title_sections has-foret-foncee-color has-vert-brume-background-color has-text-color has-background has-link-color wp-elements-563ff1252776394e10d51be9499f84a0\">REVIEW<\/p>\n\n\n\n<div style=\"height:4rem\" aria-hidden=\"true\" class=\"wp-block-spacer\"><\/div>\n\n\n\n<h5 class=\"wp-block-heading has-beige-clair-color has-text-color has-link-color wp-elements-7291cddfeaace4a3f4b08dbac4b2faf6\">Partagez votre exp\u00e9rience<\/h5>\n\n\n\n<div style=\"height:4rem\" aria-hidden=\"true\" class=\"wp-block-spacer\"><\/div>\n\n\n\n<p class=\"has-beige-clair-color has-text-color has-link-color wp-elements-b397a76f0e19633255eb89de9a031902\">Nous aimerions savoir ce que vous en pensez ! Dites-nous comment votre pi\u00e8ce \u00e0 bord naturel s\u2019int\u00e8gre dans votre espace et ce que vous avez le plus aim\u00e9. Vos commentaires nous aident \u00e0 cr\u00e9er des produits encore meilleurs pour vous et pour tous les amoureux du bois.<\/p>\n\n\n\n<div style=\"height:4rem\" aria-hidden=\"true\" class=\"wp-block-spacer\"><\/div>\n\n\n\n<div class=\"wp-block-buttons v3 is-layout-flex wp-block-buttons-is-layout-flex\">\n<div class=\"wp-block-button open_popup_carriere\"><a class=\"wp-block-button__link wp-element-button\">LAISSER UN AVIS<\/a><\/div>\n<\/div>\n<\/div>\n\n\n\n<div class=\"wp-block-column is-vertically-aligned-center is-layout-flow wp-block-column-is-layout-flow\">\r\n\r\n<\/div>\n<\/div>\n<\/section>\n","protected":false},"excerpt":{"rendered":"<p>Paquet de 20 bouchons en pin, id\u00e9al pour vos projets avec les produits Timber-Link.<\/p>\n","protected":false},"featured_media":2346,"comment_status":"open","ping_status":"closed","template":"","meta":{"_acf_changed":false,"inline_featured_image":false},"product_brand":[],"product_cat":[40],"product_tag":[],"class_list":{"0":"post-2724","1":"product","2":"type-product","3":"status-publish","4":"has-post-thumbnail","6":"product_cat-accessoires","8":"first","9":"instock","10":"taxable","11":"shipping-taxable","12":"purchasable","13":"product-type-simple"},"acf":[],"yoast_head":"<!-- This site is optimized with the Yoast SEO plugin v27.5 - https:\/\/yoast.com\/product\/yoast-seo-wordpress\/ -->\n<title>Bouchons en pin Timber-Link \u2013 Paquet de 20 | Live Edge Timber Co. | Natural Wood Furniture &amp; DIY Materials<\/title>\n<meta name=\"robots\" content=\"index, follow, max-snippet:-1, max-image-preview:large, max-video-preview:-1\" \/>\n<link rel=\"canonical\" href=\"https:\/\/liveedgetimber.com\/fr\/produit\/bouchons-en-pin\/\" \/>\n<meta property=\"og:locale\" content=\"fr_FR\" \/>\n<meta property=\"og:type\" content=\"article\" \/>\n<meta property=\"og:title\" content=\"Bouchons en pin Timber-Link \u2013 Paquet de 20 | Live Edge Timber Co. | Natural Wood Furniture &amp; DIY Materials\" \/>\n<meta property=\"og:description\" content=\"Paquet de 20 bouchons en pin, id\u00e9al pour vos projets avec les produits Timber-Link.\" \/>\n<meta property=\"og:url\" content=\"https:\/\/liveedgetimber.com\/fr\/produit\/bouchons-en-pin\/\" \/>\n<meta property=\"og:site_name\" content=\"Live Edge Timber Co. | Natural Wood Furniture &amp; DIY Materials\" \/>\n<meta property=\"article:modified_time\" content=\"2026-03-04T18:56:27+00:00\" \/>\n<meta property=\"og:image\" content=\"https:\/\/liveedgetimber.com\/wp-content\/uploads\/2025\/12\/pine-plugs2-min-scaled.jpg\" \/>\n\t<meta property=\"og:image:width\" content=\"2560\" \/>\n\t<meta property=\"og:image:height\" content=\"1696\" \/>\n\t<meta property=\"og:image:type\" content=\"image\/jpeg\" \/>\n<meta name=\"twitter:card\" content=\"summary_large_image\" \/>\n<meta name=\"twitter:label1\" content=\"Dur\u00e9e de lecture estim\u00e9e\" \/>\n\t<meta name=\"twitter:data1\" content=\"2 minutes\" \/>\n<script type=\"application\/ld+json\" class=\"yoast-schema-graph\">{\"@context\":\"https:\\\/\\\/schema.org\",\"@graph\":[{\"@type\":\"WebPage\",\"@id\":\"https:\\\/\\\/liveedgetimber.com\\\/fr\\\/produit\\\/bouchons-en-pin\\\/\",\"url\":\"https:\\\/\\\/liveedgetimber.com\\\/fr\\\/produit\\\/bouchons-en-pin\\\/\",\"name\":\"Bouchons en pin Timber-Link \u2013 Paquet de 20 | Live Edge Timber Co. | Natural Wood Furniture &amp; DIY Materials\",\"isPartOf\":{\"@id\":\"https:\\\/\\\/liveedgetimber.com\\\/fr\\\/#website\"},\"primaryImageOfPage\":{\"@id\":\"https:\\\/\\\/liveedgetimber.com\\\/fr\\\/produit\\\/bouchons-en-pin\\\/#primaryimage\"},\"image\":{\"@id\":\"https:\\\/\\\/liveedgetimber.com\\\/fr\\\/produit\\\/bouchons-en-pin\\\/#primaryimage\"},\"thumbnailUrl\":\"https:\\\/\\\/liveedgetimber.com\\\/wp-content\\\/uploads\\\/2025\\\/12\\\/pine-plugs2-min-scaled.jpg\",\"datePublished\":\"2026-02-11T16:16:02+00:00\",\"dateModified\":\"2026-03-04T18:56:27+00:00\",\"breadcrumb\":{\"@id\":\"https:\\\/\\\/liveedgetimber.com\\\/fr\\\/produit\\\/bouchons-en-pin\\\/#breadcrumb\"},\"inLanguage\":\"fr-FR\",\"potentialAction\":[{\"@type\":\"ReadAction\",\"target\":[\"https:\\\/\\\/liveedgetimber.com\\\/fr\\\/produit\\\/bouchons-en-pin\\\/\"]}]},{\"@type\":\"ImageObject\",\"inLanguage\":\"fr-FR\",\"@id\":\"https:\\\/\\\/liveedgetimber.com\\\/fr\\\/produit\\\/bouchons-en-pin\\\/#primaryimage\",\"url\":\"https:\\\/\\\/liveedgetimber.com\\\/wp-content\\\/uploads\\\/2025\\\/12\\\/pine-plugs2-min-scaled.jpg\",\"contentUrl\":\"https:\\\/\\\/liveedgetimber.com\\\/wp-content\\\/uploads\\\/2025\\\/12\\\/pine-plugs2-min-scaled.jpg\",\"width\":2560,\"height\":1696},{\"@type\":\"BreadcrumbList\",\"@id\":\"https:\\\/\\\/liveedgetimber.com\\\/fr\\\/produit\\\/bouchons-en-pin\\\/#breadcrumb\",\"itemListElement\":[{\"@type\":\"ListItem\",\"position\":1,\"name\":\"Home\",\"item\":\"https:\\\/\\\/liveedgetimber.com\\\/fr\\\/\"},{\"@type\":\"ListItem\",\"position\":2,\"name\":\"Produits\",\"item\":\"https:\\\/\\\/liveedgetimber.com\\\/fr\\\/produits\\\/\"},{\"@type\":\"ListItem\",\"position\":3,\"name\":\"Bouchons en pin Timber-Link \u2013 Paquet de 20\"}]},{\"@type\":\"WebSite\",\"@id\":\"https:\\\/\\\/liveedgetimber.com\\\/fr\\\/#website\",\"url\":\"https:\\\/\\\/liveedgetimber.com\\\/fr\\\/\",\"name\":\"Live Edge Timber Co. | Natural Wood Furniture & DIY Materials\",\"description\":\"\",\"publisher\":{\"@id\":\"https:\\\/\\\/liveedgetimber.com\\\/fr\\\/#organization\"},\"potentialAction\":[{\"@type\":\"SearchAction\",\"target\":{\"@type\":\"EntryPoint\",\"urlTemplate\":\"https:\\\/\\\/liveedgetimber.com\\\/fr\\\/?s={search_term_string}\"},\"query-input\":{\"@type\":\"PropertyValueSpecification\",\"valueRequired\":true,\"valueName\":\"search_term_string\"}}],\"inLanguage\":\"fr-FR\"},{\"@type\":\"Organization\",\"@id\":\"https:\\\/\\\/liveedgetimber.com\\\/fr\\\/#organization\",\"name\":\"Live Edge Timber Co. | Natural Wood Furniture & DIY Materials\",\"url\":\"https:\\\/\\\/liveedgetimber.com\\\/fr\\\/\",\"logo\":{\"@type\":\"ImageObject\",\"inLanguage\":\"fr-FR\",\"@id\":\"https:\\\/\\\/liveedgetimber.com\\\/fr\\\/#\\\/schema\\\/logo\\\/image\\\/\",\"url\":\"https:\\\/\\\/liveedgetimber.com\\\/wp-content\\\/uploads\\\/2025\\\/06\\\/logo.svg\",\"contentUrl\":\"https:\\\/\\\/liveedgetimber.com\\\/wp-content\\\/uploads\\\/2025\\\/06\\\/logo.svg\",\"width\":239,\"height\":81,\"caption\":\"Live Edge Timber Co. | Natural Wood Furniture & DIY Materials\"},\"image\":{\"@id\":\"https:\\\/\\\/liveedgetimber.com\\\/fr\\\/#\\\/schema\\\/logo\\\/image\\\/\"}}]}<\/script>\n<!-- \/ Yoast SEO plugin. -->","yoast_head_json":{"title":"Bouchons en pin Timber-Link \u2013 Paquet de 20 | Live Edge Timber Co. | Natural Wood Furniture &amp; DIY Materials","robots":{"index":"index","follow":"follow","max-snippet":"max-snippet:-1","max-image-preview":"max-image-preview:large","max-video-preview":"max-video-preview:-1"},"canonical":"https:\/\/liveedgetimber.com\/fr\/produit\/bouchons-en-pin\/","og_locale":"fr_FR","og_type":"article","og_title":"Bouchons en pin Timber-Link \u2013 Paquet de 20 | Live Edge Timber Co. | Natural Wood Furniture &amp; DIY Materials","og_description":"Paquet de 20 bouchons en pin, id\u00e9al pour vos projets avec les produits Timber-Link.","og_url":"https:\/\/liveedgetimber.com\/fr\/produit\/bouchons-en-pin\/","og_site_name":"Live Edge Timber Co. | Natural Wood Furniture &amp; DIY Materials","article_modified_time":"2026-03-04T18:56:27+00:00","og_image":[{"width":2560,"height":1696,"url":"https:\/\/liveedgetimber.com\/wp-content\/uploads\/2025\/12\/pine-plugs2-min-scaled.jpg","type":"image\/jpeg"}],"twitter_card":"summary_large_image","twitter_misc":{"Dur\u00e9e de lecture estim\u00e9e":"2 minutes"},"schema":{"@context":"https:\/\/schema.org","@graph":[{"@type":"WebPage","@id":"https:\/\/liveedgetimber.com\/fr\/produit\/bouchons-en-pin\/","url":"https:\/\/liveedgetimber.com\/fr\/produit\/bouchons-en-pin\/","name":"Bouchons en pin Timber-Link \u2013 Paquet de 20 | Live Edge Timber Co. | Natural Wood Furniture &amp; DIY Materials","isPartOf":{"@id":"https:\/\/liveedgetimber.com\/fr\/#website"},"primaryImageOfPage":{"@id":"https:\/\/liveedgetimber.com\/fr\/produit\/bouchons-en-pin\/#primaryimage"},"image":{"@id":"https:\/\/liveedgetimber.com\/fr\/produit\/bouchons-en-pin\/#primaryimage"},"thumbnailUrl":"https:\/\/liveedgetimber.com\/wp-content\/uploads\/2025\/12\/pine-plugs2-min-scaled.jpg","datePublished":"2026-02-11T16:16:02+00:00","dateModified":"2026-03-04T18:56:27+00:00","breadcrumb":{"@id":"https:\/\/liveedgetimber.com\/fr\/produit\/bouchons-en-pin\/#breadcrumb"},"inLanguage":"fr-FR","potentialAction":[{"@type":"ReadAction","target":["https:\/\/liveedgetimber.com\/fr\/produit\/bouchons-en-pin\/"]}]},{"@type":"ImageObject","inLanguage":"fr-FR","@id":"https:\/\/liveedgetimber.com\/fr\/produit\/bouchons-en-pin\/#primaryimage","url":"https:\/\/liveedgetimber.com\/wp-content\/uploads\/2025\/12\/pine-plugs2-min-scaled.jpg","contentUrl":"https:\/\/liveedgetimber.com\/wp-content\/uploads\/2025\/12\/pine-plugs2-min-scaled.jpg","width":2560,"height":1696},{"@type":"BreadcrumbList","@id":"https:\/\/liveedgetimber.com\/fr\/produit\/bouchons-en-pin\/#breadcrumb","itemListElement":[{"@type":"ListItem","position":1,"name":"Home","item":"https:\/\/liveedgetimber.com\/fr\/"},{"@type":"ListItem","position":2,"name":"Produits","item":"https:\/\/liveedgetimber.com\/fr\/produits\/"},{"@type":"ListItem","position":3,"name":"Bouchons en pin Timber-Link \u2013 Paquet de 20"}]},{"@type":"WebSite","@id":"https:\/\/liveedgetimber.com\/fr\/#website","url":"https:\/\/liveedgetimber.com\/fr\/","name":"Live Edge Timber Co. | Natural Wood Furniture & DIY Materials","description":"","publisher":{"@id":"https:\/\/liveedgetimber.com\/fr\/#organization"},"potentialAction":[{"@type":"SearchAction","target":{"@type":"EntryPoint","urlTemplate":"https:\/\/liveedgetimber.com\/fr\/?s={search_term_string}"},"query-input":{"@type":"PropertyValueSpecification","valueRequired":true,"valueName":"search_term_string"}}],"inLanguage":"fr-FR"},{"@type":"Organization","@id":"https:\/\/liveedgetimber.com\/fr\/#organization","name":"Live Edge Timber Co. | Natural Wood Furniture & DIY Materials","url":"https:\/\/liveedgetimber.com\/fr\/","logo":{"@type":"ImageObject","inLanguage":"fr-FR","@id":"https:\/\/liveedgetimber.com\/fr\/#\/schema\/logo\/image\/","url":"https:\/\/liveedgetimber.com\/wp-content\/uploads\/2025\/06\/logo.svg","contentUrl":"https:\/\/liveedgetimber.com\/wp-content\/uploads\/2025\/06\/logo.svg","width":239,"height":81,"caption":"Live Edge Timber Co. | Natural Wood Furniture & DIY Materials"},"image":{"@id":"https:\/\/liveedgetimber.com\/fr\/#\/schema\/logo\/image\/"}}]}},"_links":{"self":[{"href":"https:\/\/liveedgetimber.com\/fr\/wp-json\/wp\/v2\/product\/2724","targetHints":{"allow":["GET"]}}],"collection":[{"href":"https:\/\/liveedgetimber.com\/fr\/wp-json\/wp\/v2\/product"}],"about":[{"href":"https:\/\/liveedgetimber.com\/fr\/wp-json\/wp\/v2\/types\/product"}],"replies":[{"embeddable":true,"href":"https:\/\/liveedgetimber.com\/fr\/wp-json\/wp\/v2\/comments?post=2724"}],"wp:featuredmedia":[{"embeddable":true,"href":"https:\/\/liveedgetimber.com\/fr\/wp-json\/wp\/v2\/media\/2346"}],"wp:attachment":[{"href":"https:\/\/liveedgetimber.com\/fr\/wp-json\/wp\/v2\/media?parent=2724"}],"wp:term":[{"taxonomy":"product_brand","embeddable":true,"href":"https:\/\/liveedgetimber.com\/fr\/wp-json\/wp\/v2\/product_brand?post=2724"},{"taxonomy":"product_cat","embeddable":true,"href":"https:\/\/liveedgetimber.com\/fr\/wp-json\/wp\/v2\/product_cat?post=2724"},{"taxonomy":"product_tag","embeddable":true,"href":"https:\/\/liveedgetimber.com\/fr\/wp-json\/wp\/v2\/product_tag?post=2724"}],"curies":[{"name":"wp","href":"https:\/\/api.w.org\/{rel}","templated":true}]}}