{"id":251,"date":"2025-07-11T03:39:58","date_gmt":"2025-07-11T03:39:58","guid":{"rendered":"https:\/\/liveedgetimber.com\/career\/"},"modified":"2026-01-26T15:37:50","modified_gmt":"2026-01-26T15:37:50","slug":"carriere","status":"publish","type":"page","link":"https:\/\/liveedgetimber.com\/fr\/carriere\/","title":{"rendered":"Carri\u00e8re"},"content":{"rendered":"\n<section class=\"wp-block-group alignfull hero_small is-layout-flow wp-block-group-is-layout-flow\">\n<figure class=\"wp-block-image size-large\"><img loading=\"lazy\" decoding=\"async\" width=\"1024\" height=\"576\" src=\"https:\/\/liveedgetimber.com\/wp-content\/uploads\/2025\/07\/hero_bg-1024x576.png\" alt=\"\" class=\"wp-image-110\" srcset=\"https:\/\/liveedgetimber.com\/wp-content\/uploads\/2025\/07\/hero_bg-1024x576.png 1024w, https:\/\/liveedgetimber.com\/wp-content\/uploads\/2025\/07\/hero_bg-600x338.png 600w, https:\/\/liveedgetimber.com\/wp-content\/uploads\/2025\/07\/hero_bg-300x169.png 300w, https:\/\/liveedgetimber.com\/wp-content\/uploads\/2025\/07\/hero_bg-768x432.png 768w, https:\/\/liveedgetimber.com\/wp-content\/uploads\/2025\/07\/hero_bg-1536x864.png 1536w, https:\/\/liveedgetimber.com\/wp-content\/uploads\/2025\/07\/hero_bg.png 1920w\" sizes=\"auto, (max-width: 1024px) 100vw, 1024px\" \/><\/figure>\n\n\n\n<div class=\"wp-block-group title_bottom is-layout-flow wp-block-group-is-layout-flow\">\n<h2 class=\"wp-block-heading\">Carri\u00e8re<\/h2>\n<\/div>\n<\/section>\n\n\n\n<section class=\"wp-block-group alignfull image_content is-layout-flow wp-block-group-is-layout-flow\">\n<div class=\"wp-block-columns image_content_row is-layout-flex wp-container-core-columns-is-layout-28f84493 wp-block-columns-is-layout-flex\">\n<div class=\"wp-block-column row_left vert has-foret-foncee-background-color has-background is-layout-flow wp-block-column-is-layout-flow\" style=\"flex-basis:44%\">\n<div class=\"wp-block-group stack_left is-vertical is-layout-flex wp-container-core-group-is-layout-fe9cc265 wp-block-group-is-layout-flex\">\n<h5 class=\"wp-block-heading has-white-color has-text-color has-link-color wp-elements-35bd1a701ab944ee21aff655fbc6855a\">Rejoignez l\u2019aventure Live Edge Timber<\/h5>\n\n\n\n<p class=\"has-white-color has-text-color has-link-color wp-elements-fa55407ff07e8c6967a9a829f7f85c92\">Rejoignez une \u00e9quipe passionn\u00e9e par le bois, le design et l\u2019innovation.<br>Chez Live Edge Timber Co., nous croyons que chaque projet commence par des personnes motiv\u00e9es et cr\u00e9atives.<br>Nous offrons un environnement de travail stimulant, o\u00f9 vos id\u00e9es comptent et o\u00f9 vous pouvez \u00e9voluer tout en contribuant \u00e0 des r\u00e9alisations uniques.<\/p>\n\n\n\n<div class=\"wp-block-buttons v3 is-layout-flex wp-block-buttons-is-layout-flex\">\n<div class=\"wp-block-button\"><a class=\"wp-block-button__link wp-element-button\" href=\"#next\">D\u00c9COUVREZ LES POSTES DISPONIBLES<\/a><\/div>\n<\/div>\n<\/div>\n<\/div>\n\n\n\n<div class=\"wp-block-column row_right is-layout-flow wp-block-column-is-layout-flow\" style=\"flex-basis:56%\">\n<figure class=\"wp-block-image size-large image-fixed-animation\"><img loading=\"lazy\" decoding=\"async\" width=\"1024\" height=\"1019\" src=\"https:\/\/liveedgetimber.com\/wp-content\/uploads\/2025\/07\/images-1024x1019.png\" alt=\"\" class=\"wp-image-232\" srcset=\"https:\/\/liveedgetimber.com\/wp-content\/uploads\/2025\/07\/images-1024x1019.png 1024w, https:\/\/liveedgetimber.com\/wp-content\/uploads\/2025\/07\/images-300x300.png 300w, https:\/\/liveedgetimber.com\/wp-content\/uploads\/2025\/07\/images-100x100.png 100w, https:\/\/liveedgetimber.com\/wp-content\/uploads\/2025\/07\/images-600x597.png 600w, https:\/\/liveedgetimber.com\/wp-content\/uploads\/2025\/07\/images-150x150.png 150w, https:\/\/liveedgetimber.com\/wp-content\/uploads\/2025\/07\/images-768x764.png 768w, https:\/\/liveedgetimber.com\/wp-content\/uploads\/2025\/07\/images.png 1085w\" sizes=\"auto, (max-width: 1024px) 100vw, 1024px\" \/><\/figure>\n<\/div>\n<\/div>\n<\/section>\n\n\n\n<section class=\"wp-block-group alignfull slider_gallery padding_general_right padding_y has-beige-clair-background-color has-background is-layout-flow wp-block-group-is-layout-flow\">\n<div class=\"wp-block-columns columns is-layout-flex wp-container-core-columns-is-layout-28f84493 wp-block-columns-is-layout-flex\">\n<div class=\"wp-block-column left is-layout-flow wp-block-column-is-layout-flow\" style=\"flex-basis:54%\">\n<div class=\"slider_services align wp-block-acf-slider-gallery\">\n    <div class=\"container_slider_services\">\n        <div class=\"swiper\">\n            <div class=\"swiper-wrapper\">\n                <div class=\"swiper-slide\">\n    <div class=\"tutorial_block\">\n        <img decoding=\"async\" src=\"https:\/\/liveedgetimber.com\/wp-content\/uploads\/2025\/07\/image1_live.png\" alt=\"\" \/>\n    <\/div>\n<\/div>\n<div class=\"swiper-slide\">\n    <div class=\"tutorial_block\">\n        <img decoding=\"async\" src=\"https:\/\/liveedgetimber.com\/wp-content\/uploads\/2025\/07\/images.png\" alt=\"\" \/>\n    <\/div>\n<\/div>\n<div class=\"swiper-slide\">\n    <div class=\"tutorial_block\">\n        <img decoding=\"async\" src=\"https:\/\/liveedgetimber.com\/wp-content\/uploads\/2025\/07\/liveedge_2-scaled.jpg\" alt=\"\" \/>\n    <\/div>\n<\/div>\n<div class=\"swiper-slide\">\n    <div class=\"tutorial_block\">\n        <img decoding=\"async\" src=\"https:\/\/liveedgetimber.com\/wp-content\/uploads\/2025\/07\/liveedge_3-scaled.jpg\" alt=\"\" \/>\n    <\/div>\n<\/div>\n            <\/div>\n        <\/div>\n    <\/div>\n<\/div>\n\n<\/div>\n\n\n\n<div class=\"wp-block-column right padding_general is-layout-flow wp-block-column-is-layout-flow\" style=\"flex-basis:44%\"><div class=\"buttons_slider wp-block-utopian-buttons-slider\">\n\n    <div class=\"swiper-button-prev\">\n        <svg id=\"Composant_222_1\" data-name=\"Composant 222 \u2013 1\" xmlns=\"http:\/\/www.w3.org\/2000\/svg\" width=\"59\"\n            height=\"59\" viewBox=\"0 0 59 59\">\n            <g class=\"circle\" id=\"Ellipse_256\" data-name=\"Ellipse 256\" fill=\"none\" stroke=\"#F0E7DB\" stroke-width=\"1\">\n                <circle cx=\"29.5\" cy=\"29.5\" r=\"29.5\" stroke=\"none\"><\/circle>\n                <circle cx=\"29.5\" cy=\"29.5\" r=\"29\" fill=\"none\"><\/circle>\n            <\/g>\n            <path class=\"arrow\" id=\"Trac\u00e9_2636\" data-name=\"Trac\u00e9 2636\"\n                d=\"M10.436,0l-1.9,1.9L15.721,9.08H0v2.711H15.721L8.538,18.974l1.9,1.9L20.871,10.436Z\"\n                transform=\"translate(39.936 39.936) rotate(180)\" fill=\"#F0E7DB\"><\/path>\n        <\/svg>\n\n\n    <\/div>\n    <div class=\"swiper-button-next\">\n        <svg xmlns=\"http:\/\/www.w3.org\/2000\/svg\" width=\"59\" height=\"59\" viewBox=\"0 0 59 59\">\n            <g id=\"Composant_222_2\" data-name=\"Composant 222 \u2013 2\" transform=\"translate(59 59) rotate(180)\">\n                <g class=\"circle\" id=\"Ellipse_256\" data-name=\"Ellipse 256\" fill=\"none\" stroke=\"#F0E7DB\"\n                    stroke-width=\"1\">\n                    <circle cx=\"29.5\" cy=\"29.5\" r=\"29.5\" stroke=\"none\"><\/circle>\n                    <circle cx=\"29.5\" cy=\"29.5\" r=\"29\" fill=\"none\"><\/circle>\n                <\/g>\n                <path class=\"arrow\" id=\"Trac\u00e9_2636\" data-name=\"Trac\u00e9 2636\"\n                    d=\"M10.436,0l-1.9,1.9L15.721,9.08H0v2.711H15.721L8.538,18.974l1.9,1.9L20.871,10.436Z\"\n                    transform=\"translate(39.936 39.936) rotate(180)\" fill=\"#F0E7DB\"><\/path>\n            <\/g>\n        <\/svg>\n\n    <\/div>\n\n\n\n\n<\/div>\n\n\n<div style=\"height:4.4rem\" aria-hidden=\"true\" class=\"wp-block-spacer\"><\/div>\n\n\n\n<h5 class=\"wp-block-heading max_text has-anthracite-color has-text-color has-link-color wp-elements-0be9dceda144e16099e77e195cd1985f\">Nos Produits<\/h5>\n\n\n\n<div style=\"height:4rem\" aria-hidden=\"true\" class=\"wp-block-spacer\"><\/div>\n\n\n\n<p class=\"max_text has-anthracite-color has-text-color has-link-color wp-elements-9f3f912fda09b53617ea12d228ecd4dc\">Chez Live Edge Timber, nous avons r\u00e9invent\u00e9 la fa\u00e7on de cr\u00e9er vos meubles.<br>Nos produits en bois massif, 100 % canadiens et abordables, vous permettent de personnaliser vos propres plateaux en bois brut et de donner vie \u00e0 des pi\u00e8ces uniques.<\/p>\n\n\n\n<div style=\"height:3rem\" aria-hidden=\"true\" class=\"wp-block-spacer\"><\/div>\n\n\n\n<p class=\"max_text has-anthracite-color has-text-color has-link-color wp-elements-558dc6c624003bdb38683450e800d267\">Gr\u00e2ce \u00e0 nos solutions simples et accessibles, chacun peut fabriquer du mobilier de qualit\u00e9, authentique et durable \u2014 sans compromis sur le style ni sur le budget.<\/p>\n\n\n\n<div style=\"height:3rem\" aria-hidden=\"true\" class=\"wp-block-spacer\"><\/div>\n\n\n\n<div class=\"wp-block-buttons v2 is-layout-flex wp-block-buttons-is-layout-flex\">\n<div class=\"wp-block-button\"><a class=\"wp-block-button__link wp-element-button\" href=\"https:\/\/liveedgetimber.com\/fr\/produits\/\">EN SAVOIR PLUS<\/a><\/div>\n<\/div>\n<\/div>\n<\/div>\n<\/section>\n\n\n\n<section class=\"wp-block-group alignfull list_carriere padding_general has-rose-pale-background-color has-background is-layout-flow wp-block-group-is-layout-flow\" id=\"next\">\n<h5 class=\"wp-block-heading has-text-align-left\">Offres d&#8217;emploi en cours<\/h5>\n\n\n\n<div style=\"height:6rem\" aria-hidden=\"true\" class=\"wp-block-spacer\"><\/div>\n\n\n\r\n<div class=\"carrieres_list\" data_num_items=\"1\"\r\n    data_max_pages=\"0\">\r\n        <div class=\"carriere wp-block-utopian-carriere align wp-block-acf-carrieres\">\r\n\r\n        <a class=\"button\" href=\"https:\/\/liveedgetimber.com\/fr\/carri\u00e8res\/ouvrierere-de-production-usine-de-transformation-du-bois\/\">\r\n            Ouvrier(\u00e8re) de production \u2013 Usine de transformation du bois            <svg xmlns=\"http:\/\/www.w3.org\/2000\/svg\" width=\"27\" height=\"27\" viewBox=\"0 0 27 27\">\r\n                <path id=\"Trac\u00e9_2626\" data-name=\"Trac\u00e9 2626\"\r\n                    d=\"M13.5,0,11.045,2.455l9.292,9.292H0v3.506H20.338l-9.292,9.292L13.5,27,27,13.5Z\"\r\n                    transform=\"translate(0 0)\" fill=\"#172338\" \/>\r\n            <\/svg>\r\n        <\/a>\r\n\r\n    <\/div>\r\n    <\/div><\/section>\n","protected":false},"excerpt":{"rendered":"<p>Carri\u00e8re Rejoignez l\u2019aventure Live Edge Timber Rejoignez une \u00e9quipe passionn\u00e9e par le bois, le design et l\u2019innovation.Chez Live Edge Timber Co., nous croyons que chaque projet commence par des personnes motiv\u00e9es et cr\u00e9atives.Nous offrons un environnement de travail stimulant, o\u00f9 vos id\u00e9es comptent et o\u00f9 vous pouvez \u00e9voluer tout en contribuant \u00e0 des r\u00e9alisations uniques. [&hellip;]<\/p>\n","protected":false},"author":1,"featured_media":0,"parent":0,"menu_order":0,"comment_status":"closed","ping_status":"closed","template":"","meta":{"_acf_changed":false,"inline_featured_image":false,"footnotes":""},"class_list":["post-251","page","type-page","status-publish","hentry"],"acf":[],"yoast_head":"<!-- This site is optimized with the Yoast SEO plugin v27.5 - https:\/\/yoast.com\/product\/yoast-seo-wordpress\/ -->\n<title>Carri\u00e8re | Live Edge Timber Co. | Natural Wood Furniture &amp; DIY Materials<\/title>\n<meta name=\"robots\" content=\"index, follow, max-snippet:-1, max-image-preview:large, max-video-preview:-1\" \/>\n<link rel=\"canonical\" href=\"https:\/\/liveedgetimber.com\/fr\/carriere\/\" \/>\n<meta property=\"og:locale\" content=\"fr_FR\" \/>\n<meta property=\"og:type\" content=\"article\" \/>\n<meta property=\"og:title\" content=\"Carri\u00e8re | Live Edge Timber Co. | Natural Wood Furniture &amp; DIY Materials\" \/>\n<meta property=\"og:description\" content=\"Carri\u00e8re Rejoignez l\u2019aventure Live Edge Timber Rejoignez une \u00e9quipe passionn\u00e9e par le bois, le design et l\u2019innovation.Chez Live Edge Timber Co., nous croyons que chaque projet commence par des personnes motiv\u00e9es et cr\u00e9atives.Nous offrons un environnement de travail stimulant, o\u00f9 vos id\u00e9es comptent et o\u00f9 vous pouvez \u00e9voluer tout en contribuant \u00e0 des r\u00e9alisations uniques. [&hellip;]\" \/>\n<meta property=\"og:url\" content=\"https:\/\/liveedgetimber.com\/fr\/carriere\/\" \/>\n<meta property=\"og:site_name\" content=\"Live Edge Timber Co. | Natural Wood Furniture &amp; DIY Materials\" \/>\n<meta property=\"article:modified_time\" content=\"2026-01-26T15:37:50+00:00\" \/>\n<meta property=\"og:image\" content=\"https:\/\/liveedgetimber.com\/wp-content\/uploads\/2025\/07\/hero_bg-1024x576.png\" \/>\n<meta name=\"twitter:card\" content=\"summary_large_image\" \/>\n<meta name=\"twitter:label1\" content=\"Dur\u00e9e de lecture estim\u00e9e\" \/>\n\t<meta name=\"twitter:data1\" content=\"2 minutes\" \/>\n<script type=\"application\/ld+json\" class=\"yoast-schema-graph\">{\"@context\":\"https:\\\/\\\/schema.org\",\"@graph\":[{\"@type\":\"WebPage\",\"@id\":\"https:\\\/\\\/liveedgetimber.com\\\/fr\\\/carriere\\\/\",\"url\":\"https:\\\/\\\/liveedgetimber.com\\\/fr\\\/carriere\\\/\",\"name\":\"Carri\u00e8re | Live Edge Timber Co. | Natural Wood Furniture &amp; DIY Materials\",\"isPartOf\":{\"@id\":\"https:\\\/\\\/liveedgetimber.com\\\/fr\\\/#website\"},\"primaryImageOfPage\":{\"@id\":\"https:\\\/\\\/liveedgetimber.com\\\/fr\\\/carriere\\\/#primaryimage\"},\"image\":{\"@id\":\"https:\\\/\\\/liveedgetimber.com\\\/fr\\\/carriere\\\/#primaryimage\"},\"thumbnailUrl\":\"https:\\\/\\\/liveedgetimber.com\\\/wp-content\\\/uploads\\\/2025\\\/07\\\/hero_bg-1024x576.png\",\"datePublished\":\"2025-07-11T03:39:58+00:00\",\"dateModified\":\"2026-01-26T15:37:50+00:00\",\"breadcrumb\":{\"@id\":\"https:\\\/\\\/liveedgetimber.com\\\/fr\\\/carriere\\\/#breadcrumb\"},\"inLanguage\":\"fr-FR\",\"potentialAction\":[{\"@type\":\"ReadAction\",\"target\":[\"https:\\\/\\\/liveedgetimber.com\\\/fr\\\/carriere\\\/\"]}]},{\"@type\":\"ImageObject\",\"inLanguage\":\"fr-FR\",\"@id\":\"https:\\\/\\\/liveedgetimber.com\\\/fr\\\/carriere\\\/#primaryimage\",\"url\":\"https:\\\/\\\/liveedgetimber.com\\\/wp-content\\\/uploads\\\/2025\\\/07\\\/hero_bg-1024x576.png\",\"contentUrl\":\"https:\\\/\\\/liveedgetimber.com\\\/wp-content\\\/uploads\\\/2025\\\/07\\\/hero_bg-1024x576.png\"},{\"@type\":\"BreadcrumbList\",\"@id\":\"https:\\\/\\\/liveedgetimber.com\\\/fr\\\/carriere\\\/#breadcrumb\",\"itemListElement\":[{\"@type\":\"ListItem\",\"position\":1,\"name\":\"Home\",\"item\":\"https:\\\/\\\/liveedgetimber.com\\\/fr\\\/\"},{\"@type\":\"ListItem\",\"position\":2,\"name\":\"Carri\u00e8re\"}]},{\"@type\":\"WebSite\",\"@id\":\"https:\\\/\\\/liveedgetimber.com\\\/fr\\\/#website\",\"url\":\"https:\\\/\\\/liveedgetimber.com\\\/fr\\\/\",\"name\":\"Live Edge Timber Co. | Natural Wood Furniture & DIY Materials\",\"description\":\"\",\"publisher\":{\"@id\":\"https:\\\/\\\/liveedgetimber.com\\\/fr\\\/#organization\"},\"potentialAction\":[{\"@type\":\"SearchAction\",\"target\":{\"@type\":\"EntryPoint\",\"urlTemplate\":\"https:\\\/\\\/liveedgetimber.com\\\/fr\\\/?s={search_term_string}\"},\"query-input\":{\"@type\":\"PropertyValueSpecification\",\"valueRequired\":true,\"valueName\":\"search_term_string\"}}],\"inLanguage\":\"fr-FR\"},{\"@type\":\"Organization\",\"@id\":\"https:\\\/\\\/liveedgetimber.com\\\/fr\\\/#organization\",\"name\":\"Live Edge Timber Co. | Natural Wood Furniture & DIY Materials\",\"url\":\"https:\\\/\\\/liveedgetimber.com\\\/fr\\\/\",\"logo\":{\"@type\":\"ImageObject\",\"inLanguage\":\"fr-FR\",\"@id\":\"https:\\\/\\\/liveedgetimber.com\\\/fr\\\/#\\\/schema\\\/logo\\\/image\\\/\",\"url\":\"https:\\\/\\\/liveedgetimber.com\\\/wp-content\\\/uploads\\\/2025\\\/06\\\/logo.svg\",\"contentUrl\":\"https:\\\/\\\/liveedgetimber.com\\\/wp-content\\\/uploads\\\/2025\\\/06\\\/logo.svg\",\"width\":239,\"height\":81,\"caption\":\"Live Edge Timber Co. | Natural Wood Furniture & DIY Materials\"},\"image\":{\"@id\":\"https:\\\/\\\/liveedgetimber.com\\\/fr\\\/#\\\/schema\\\/logo\\\/image\\\/\"}}]}<\/script>\n<!-- \/ Yoast SEO plugin. -->","yoast_head_json":{"title":"Carri\u00e8re | Live Edge Timber Co. | Natural Wood Furniture &amp; DIY Materials","robots":{"index":"index","follow":"follow","max-snippet":"max-snippet:-1","max-image-preview":"max-image-preview:large","max-video-preview":"max-video-preview:-1"},"canonical":"https:\/\/liveedgetimber.com\/fr\/carriere\/","og_locale":"fr_FR","og_type":"article","og_title":"Carri\u00e8re | Live Edge Timber Co. | Natural Wood Furniture &amp; DIY Materials","og_description":"Carri\u00e8re Rejoignez l\u2019aventure Live Edge Timber Rejoignez une \u00e9quipe passionn\u00e9e par le bois, le design et l\u2019innovation.Chez Live Edge Timber Co., nous croyons que chaque projet commence par des personnes motiv\u00e9es et cr\u00e9atives.Nous offrons un environnement de travail stimulant, o\u00f9 vos id\u00e9es comptent et o\u00f9 vous pouvez \u00e9voluer tout en contribuant \u00e0 des r\u00e9alisations uniques. [&hellip;]","og_url":"https:\/\/liveedgetimber.com\/fr\/carriere\/","og_site_name":"Live Edge Timber Co. | Natural Wood Furniture &amp; DIY Materials","article_modified_time":"2026-01-26T15:37:50+00:00","og_image":[{"url":"https:\/\/liveedgetimber.com\/wp-content\/uploads\/2025\/07\/hero_bg-1024x576.png","type":"","width":"","height":""}],"twitter_card":"summary_large_image","twitter_misc":{"Dur\u00e9e de lecture estim\u00e9e":"2 minutes"},"schema":{"@context":"https:\/\/schema.org","@graph":[{"@type":"WebPage","@id":"https:\/\/liveedgetimber.com\/fr\/carriere\/","url":"https:\/\/liveedgetimber.com\/fr\/carriere\/","name":"Carri\u00e8re | Live Edge Timber Co. | Natural Wood Furniture &amp; DIY Materials","isPartOf":{"@id":"https:\/\/liveedgetimber.com\/fr\/#website"},"primaryImageOfPage":{"@id":"https:\/\/liveedgetimber.com\/fr\/carriere\/#primaryimage"},"image":{"@id":"https:\/\/liveedgetimber.com\/fr\/carriere\/#primaryimage"},"thumbnailUrl":"https:\/\/liveedgetimber.com\/wp-content\/uploads\/2025\/07\/hero_bg-1024x576.png","datePublished":"2025-07-11T03:39:58+00:00","dateModified":"2026-01-26T15:37:50+00:00","breadcrumb":{"@id":"https:\/\/liveedgetimber.com\/fr\/carriere\/#breadcrumb"},"inLanguage":"fr-FR","potentialAction":[{"@type":"ReadAction","target":["https:\/\/liveedgetimber.com\/fr\/carriere\/"]}]},{"@type":"ImageObject","inLanguage":"fr-FR","@id":"https:\/\/liveedgetimber.com\/fr\/carriere\/#primaryimage","url":"https:\/\/liveedgetimber.com\/wp-content\/uploads\/2025\/07\/hero_bg-1024x576.png","contentUrl":"https:\/\/liveedgetimber.com\/wp-content\/uploads\/2025\/07\/hero_bg-1024x576.png"},{"@type":"BreadcrumbList","@id":"https:\/\/liveedgetimber.com\/fr\/carriere\/#breadcrumb","itemListElement":[{"@type":"ListItem","position":1,"name":"Home","item":"https:\/\/liveedgetimber.com\/fr\/"},{"@type":"ListItem","position":2,"name":"Carri\u00e8re"}]},{"@type":"WebSite","@id":"https:\/\/liveedgetimber.com\/fr\/#website","url":"https:\/\/liveedgetimber.com\/fr\/","name":"Live Edge Timber Co. | Natural Wood Furniture & DIY Materials","description":"","publisher":{"@id":"https:\/\/liveedgetimber.com\/fr\/#organization"},"potentialAction":[{"@type":"SearchAction","target":{"@type":"EntryPoint","urlTemplate":"https:\/\/liveedgetimber.com\/fr\/?s={search_term_string}"},"query-input":{"@type":"PropertyValueSpecification","valueRequired":true,"valueName":"search_term_string"}}],"inLanguage":"fr-FR"},{"@type":"Organization","@id":"https:\/\/liveedgetimber.com\/fr\/#organization","name":"Live Edge Timber Co. | Natural Wood Furniture & DIY Materials","url":"https:\/\/liveedgetimber.com\/fr\/","logo":{"@type":"ImageObject","inLanguage":"fr-FR","@id":"https:\/\/liveedgetimber.com\/fr\/#\/schema\/logo\/image\/","url":"https:\/\/liveedgetimber.com\/wp-content\/uploads\/2025\/06\/logo.svg","contentUrl":"https:\/\/liveedgetimber.com\/wp-content\/uploads\/2025\/06\/logo.svg","width":239,"height":81,"caption":"Live Edge Timber Co. | Natural Wood Furniture & DIY Materials"},"image":{"@id":"https:\/\/liveedgetimber.com\/fr\/#\/schema\/logo\/image\/"}}]}},"_links":{"self":[{"href":"https:\/\/liveedgetimber.com\/fr\/wp-json\/wp\/v2\/pages\/251","targetHints":{"allow":["GET"]}}],"collection":[{"href":"https:\/\/liveedgetimber.com\/fr\/wp-json\/wp\/v2\/pages"}],"about":[{"href":"https:\/\/liveedgetimber.com\/fr\/wp-json\/wp\/v2\/types\/page"}],"author":[{"embeddable":true,"href":"https:\/\/liveedgetimber.com\/fr\/wp-json\/wp\/v2\/users\/1"}],"replies":[{"embeddable":true,"href":"https:\/\/liveedgetimber.com\/fr\/wp-json\/wp\/v2\/comments?post=251"}],"version-history":[{"count":4,"href":"https:\/\/liveedgetimber.com\/fr\/wp-json\/wp\/v2\/pages\/251\/revisions"}],"predecessor-version":[{"id":2609,"href":"https:\/\/liveedgetimber.com\/fr\/wp-json\/wp\/v2\/pages\/251\/revisions\/2609"}],"wp:attachment":[{"href":"https:\/\/liveedgetimber.com\/fr\/wp-json\/wp\/v2\/media?parent=251"}],"curies":[{"name":"wp","href":"https:\/\/api.w.org\/{rel}","templated":true}]}}