{"id":1562,"date":"2025-07-08T16:21:40","date_gmt":"2025-07-08T16:21:40","guid":{"rendered":"https:\/\/liveedgetimber.com\/cart\/"},"modified":"2026-01-07T15:55:10","modified_gmt":"2026-01-07T15:55:10","slug":"panier","status":"publish","type":"page","link":"https:\/\/liveedgetimber.com\/fr\/panier\/","title":{"rendered":"Panier"},"content":{"rendered":"\n<section class=\"wp-block-group alignfull hero_small is-layout-flow wp-block-group-is-layout-flow\">\n<figure class=\"wp-block-image size-large\"><img loading=\"lazy\" decoding=\"async\" width=\"1024\" height=\"576\" src=\"https:\/\/liveedgetimber.com\/wp-content\/uploads\/2025\/07\/hero_bg-1024x576.png\" alt=\"\" class=\"wp-image-110\" srcset=\"https:\/\/liveedgetimber.com\/wp-content\/uploads\/2025\/07\/hero_bg-1024x576.png 1024w, https:\/\/liveedgetimber.com\/wp-content\/uploads\/2025\/07\/hero_bg-600x338.png 600w, https:\/\/liveedgetimber.com\/wp-content\/uploads\/2025\/07\/hero_bg-300x169.png 300w, https:\/\/liveedgetimber.com\/wp-content\/uploads\/2025\/07\/hero_bg-768x432.png 768w, https:\/\/liveedgetimber.com\/wp-content\/uploads\/2025\/07\/hero_bg-1536x864.png 1536w, https:\/\/liveedgetimber.com\/wp-content\/uploads\/2025\/07\/hero_bg.png 1920w\" sizes=\"auto, (max-width: 1024px) 100vw, 1024px\" \/><\/figure>\n\n\n\n<div class=\"wp-block-group title_bottom is-layout-flow wp-block-group-is-layout-flow\">\n<h1 class=\"wp-block-heading\">Panier<\/h1>\n<\/div>\n<\/section>\n\n\n\n<section class=\"wp-block-group alignfull single_content general_padding_double padding_bottom_semibig has-beige-clair-background-color has-background is-layout-flow wp-block-group-is-layout-flow\">\n<h5 class=\"wp-block-heading max_text\">\n\t\t\tPersonnalisez chaque d\u00e9tail, <br>du bois au style\n\t\t<\/h5>\n\n\n\n<div style=\"height:4.2rem\" aria-hidden=\"true\" class=\"wp-block-spacer\"><\/div>\n\n\n\n<p>\n\t\t\tChez Live Edge Timber, vous ne choisissez pas simplement un produit, vous\n\t\t\timaginez un projet. Gr\u00e2ce \u00e0 notre large s\u00e9lection de mat\u00e9riaux, de\n\t\t\tfinitions et de configurations, vous concevez un meuble unique, selon vos\n\t\t\tgo\u00fbt.\n\t\t<\/p>\n<\/section>\n\n\n\n<section class=\"wp-block-group alignwide cart_container padding_general has-white-background-color has-background is-layout-flow wp-block-group-is-layout-flow\">\n<div data-block-name=\"woocommerce\/cart\" class=\"wp-block-woocommerce-cart alignwide is-loading\">\n<div data-block-name=\"woocommerce\/filled-cart-block\" class=\"wp-block-woocommerce-filled-cart-block\">\n<div data-block-name=\"woocommerce\/cart-items-block\" class=\"wp-block-woocommerce-cart-items-block\">\n<div data-block-name=\"woocommerce\/cart-line-items-block\" class=\"wp-block-woocommerce-cart-line-items-block\"><\/div>\n<\/div>\n\n\n\n<div data-block-name=\"woocommerce\/cart-totals-block\" class=\"wp-block-woocommerce-cart-totals-block\">\n<div data-block-name=\"woocommerce\/cart-order-summary-block\" class=\"wp-block-woocommerce-cart-order-summary-block\">\n<div data-block-name=\"woocommerce\/cart-order-summary-heading-block\" class=\"wp-block-woocommerce-cart-order-summary-heading-block\"><\/div>\n\n\n\n<div data-block-name=\"woocommerce\/cart-order-summary-coupon-form-block\" class=\"wp-block-woocommerce-cart-order-summary-coupon-form-block\"><\/div>\n\n\n\n<div data-block-name=\"woocommerce\/cart-order-summary-totals-block\" class=\"wp-block-woocommerce-cart-order-summary-totals-block\">\n<div data-block-name=\"woocommerce\/cart-order-summary-subtotal-block\" class=\"wp-block-woocommerce-cart-order-summary-subtotal-block\"><\/div>\n\n\n\n<div data-block-name=\"woocommerce\/cart-order-summary-fee-block\" class=\"wp-block-woocommerce-cart-order-summary-fee-block\"><\/div>\n\n\n\n<div data-block-name=\"woocommerce\/cart-order-summary-discount-block\" class=\"wp-block-woocommerce-cart-order-summary-discount-block\"><\/div>\n\n\n\n<div data-block-name=\"woocommerce\/cart-order-summary-shipping-block\" class=\"wp-block-woocommerce-cart-order-summary-shipping-block\"><\/div>\n\n\n\n<div data-block-name=\"woocommerce\/cart-order-summary-taxes-block\" class=\"wp-block-woocommerce-cart-order-summary-taxes-block\"><\/div>\n<\/div>\n<\/div>\n\n\n\n<div data-block-name=\"woocommerce\/cart-express-payment-block\" class=\"wp-block-woocommerce-cart-express-payment-block\"><\/div>\n\n\n\n<div data-block-name=\"woocommerce\/proceed-to-checkout-block\" class=\"wp-block-woocommerce-proceed-to-checkout-block\"><\/div>\n\n\n\n<div data-block-name=\"woocommerce\/cart-accepted-payment-methods-block\" class=\"wp-block-woocommerce-cart-accepted-payment-methods-block\"><\/div>\n<\/div>\n<\/div>\n\n\n\n<div data-block-name=\"woocommerce\/empty-cart-block\" class=\"wp-block-woocommerce-empty-cart-block\">\n<div style=\"height:4rem\" aria-hidden=\"true\" class=\"wp-block-spacer\"><\/div>\n\n\n\n<h2 class=\"wp-block-heading has-text-align-center with-empty-cart-icon wc-block-cart__empty-cart__title\">Votre panier est actuellement vide !<\/h2>\n\n\n\n<div style=\"height:3rem\" aria-hidden=\"true\" class=\"wp-block-spacer\"><\/div>\n\n\n<div data-block-name=\"woocommerce\/product-new\" data-columns=\"4\" data-rows=\"1\" class=\"wc-block-grid wp-block-product-new wp-block-woocommerce-product-new wc-block-product-new has-4-columns\"><ul class=\"wc-block-grid__products\"><li class=\"wc-block-grid__product\">\n\t\t\t\t<a href=\"https:\/\/liveedgetimber.com\/fr\/produit\/firewood-delivery-charged\/\" class=\"wc-block-grid__product-link\">\n\t\t\t\t\t\n\t\t\t\t\t<div class=\"wc-block-grid__product-image\"><img loading=\"lazy\" decoding=\"async\" width=\"300\" height=\"300\" src=\"https:\/\/liveedgetimber.com\/wp-content\/uploads\/2026\/02\/558-300x300.jpg\" class=\"attachment-woocommerce_thumbnail size-woocommerce_thumbnail\" alt=\"Livraison de bois de chauffage\" srcset=\"https:\/\/liveedgetimber.com\/wp-content\/uploads\/2026\/02\/558-300x300.jpg 300w, https:\/\/liveedgetimber.com\/wp-content\/uploads\/2026\/02\/558-150x150.jpg 150w, https:\/\/liveedgetimber.com\/wp-content\/uploads\/2026\/02\/558-100x100.jpg 100w, https:\/\/liveedgetimber.com\/wp-content\/uploads\/2026\/02\/558-50x50.jpg 50w\" sizes=\"auto, (max-width: 300px) 100vw, 300px\" \/><\/div>\n\t\t\t\t\t<div class=\"wc-block-grid__product-title\">Livraison de bois de chauffage<\/div>\n\t\t\t\t<\/a>\n\t\t\t\t<div class=\"wc-block-grid__product-price price\"><span class=\"woocommerce-Price-amount amount\"><span class=\"woocommerce-Price-currencySymbol\">CAD $<\/span>&nbsp;2.00<\/span><\/div>\n\t\t\t\t\n\t\t\t\t<div class=\"wp-block-button wc-block-grid__product-add-to-cart\"><a href=\"\/fr\/wp-json\/wp\/v2\/pages\/1562?add-to-cart=2702\" aria-label=\"Ajouter au panier\u00a0: &ldquo;Livraison de bois de chauffage&rdquo;\" data-quantity=\"1\" data-product_id=\"2702\" data-product_sku=\"\" data-price=\"2\" rel=\"nofollow\" class=\"wp-block-button__link wp-element-button add_to_cart_button ajax_add_to_cart\">Ajouter au panier<\/a><\/div>\n\t\t\t<\/li><li class=\"wc-block-grid__product\">\n\t\t\t\t<a href=\"https:\/\/liveedgetimber.com\/fr\/produit\/bouchons-en-pin\/\" class=\"wc-block-grid__product-link\">\n\t\t\t\t\t\n\t\t\t\t\t<div class=\"wc-block-grid__product-image\"><img loading=\"lazy\" decoding=\"async\" width=\"300\" height=\"300\" src=\"https:\/\/liveedgetimber.com\/wp-content\/uploads\/2025\/12\/pine-plugs2-min-300x300.jpg\" class=\"attachment-woocommerce_thumbnail size-woocommerce_thumbnail\" alt=\"Bouchons en pin Timber-Link \u2013 Paquet de 20\" srcset=\"https:\/\/liveedgetimber.com\/wp-content\/uploads\/2025\/12\/pine-plugs2-min-300x300.jpg 300w, https:\/\/liveedgetimber.com\/wp-content\/uploads\/2025\/12\/pine-plugs2-min-150x150.jpg 150w, https:\/\/liveedgetimber.com\/wp-content\/uploads\/2025\/12\/pine-plugs2-min-100x100.jpg 100w, https:\/\/liveedgetimber.com\/wp-content\/uploads\/2025\/12\/pine-plugs2-min-50x50.jpg 50w\" sizes=\"auto, (max-width: 300px) 100vw, 300px\" \/><\/div>\n\t\t\t\t\t<div class=\"wc-block-grid__product-title\">Bouchons en pin Timber-Link \u2013 Paquet de 20<\/div>\n\t\t\t\t<\/a>\n\t\t\t\t<div class=\"wc-block-grid__product-price price\"><span class=\"woocommerce-Price-amount amount\"><span class=\"woocommerce-Price-currencySymbol\">CAD $<\/span>&nbsp;10.00<\/span><\/div>\n\t\t\t\t\n\t\t\t\t<div class=\"wp-block-button wc-block-grid__product-add-to-cart\"><a href=\"\/fr\/wp-json\/wp\/v2\/pages\/1562?add-to-cart=2724\" aria-label=\"Ajouter au panier\u00a0: &ldquo;Bouchons en pin Timber-Link \u2013 Paquet de 20&rdquo;\" data-quantity=\"1\" data-product_id=\"2724\" data-product_sku=\"40001\" data-price=\"10\" rel=\"nofollow\" class=\"wp-block-button__link wp-element-button add_to_cart_button ajax_add_to_cart\">Ajouter au panier<\/a><\/div>\n\t\t\t<\/li><li class=\"wc-block-grid__product\">\n\t\t\t\t<a href=\"https:\/\/liveedgetimber.com\/fr\/produit\/sac-en-vrac-pour-1-corde-de-bois-14-po\/\" class=\"wc-block-grid__product-link\">\n\t\t\t\t\t\n\t\t\t\t\t<div class=\"wc-block-grid__product-image\"><img loading=\"lazy\" decoding=\"async\" width=\"300\" height=\"300\" src=\"https:\/\/liveedgetimber.com\/wp-content\/uploads\/2026\/01\/tubular-jumbo-bag58523216681-300x300.webp\" class=\"attachment-woocommerce_thumbnail size-woocommerce_thumbnail\" alt=\"Sac en vrac pour 1 corde de bois (14 po)\" srcset=\"https:\/\/liveedgetimber.com\/wp-content\/uploads\/2026\/01\/tubular-jumbo-bag58523216681-300x300.webp 300w, https:\/\/liveedgetimber.com\/wp-content\/uploads\/2026\/01\/tubular-jumbo-bag58523216681-150x150.webp 150w, https:\/\/liveedgetimber.com\/wp-content\/uploads\/2026\/01\/tubular-jumbo-bag58523216681-768x768.webp 768w, https:\/\/liveedgetimber.com\/wp-content\/uploads\/2026\/01\/tubular-jumbo-bag58523216681-600x600.webp 600w, https:\/\/liveedgetimber.com\/wp-content\/uploads\/2026\/01\/tubular-jumbo-bag58523216681-100x100.webp 100w, https:\/\/liveedgetimber.com\/wp-content\/uploads\/2026\/01\/tubular-jumbo-bag58523216681-50x50.webp 50w, https:\/\/liveedgetimber.com\/wp-content\/uploads\/2026\/01\/tubular-jumbo-bag58523216681.webp 960w\" sizes=\"auto, (max-width: 300px) 100vw, 300px\" \/><\/div>\n\t\t\t\t\t<div class=\"wc-block-grid__product-title\">Sac en vrac pour 1 corde de bois (14 po)<\/div>\n\t\t\t\t<\/a>\n\t\t\t\t<div class=\"wc-block-grid__product-price price\"><span class=\"woocommerce-Price-amount amount\"><span class=\"woocommerce-Price-currencySymbol\">CAD $<\/span>&nbsp;30.00<\/span><\/div>\n\t\t\t\t\n\t\t\t\t<div class=\"wp-block-button wc-block-grid__product-add-to-cart\"><a href=\"\/fr\/wp-json\/wp\/v2\/pages\/1562?add-to-cart=2721\" aria-label=\"Ajouter au panier\u00a0: &ldquo;Sac en vrac pour 1 corde de bois (14 po)&rdquo;\" data-quantity=\"1\" data-product_id=\"2721\" data-product_sku=\"Bulk Bag 50\" data-price=\"30\" rel=\"nofollow\" class=\"wp-block-button__link wp-element-button add_to_cart_button ajax_add_to_cart\">Ajouter au panier<\/a><\/div>\n\t\t\t<\/li><li class=\"wc-block-grid__product\">\n\t\t\t\t<a href=\"https:\/\/liveedgetimber.com\/fr\/produit\/bois-franc-seche\/\" class=\"wc-block-grid__product-link\">\n\t\t\t\t\t\n\t\t\t\t\t<div class=\"wc-block-grid__product-image\"><img loading=\"lazy\" decoding=\"async\" width=\"300\" height=\"300\" src=\"https:\/\/liveedgetimber.com\/wp-content\/uploads\/2025\/10\/WhatsApp-Image-2025-11-18-at-2.09.29-PM-300x300.jpeg\" class=\"attachment-woocommerce_thumbnail size-woocommerce_thumbnail\" alt=\"Bois franc s\u00e9ch\u00e9\" srcset=\"https:\/\/liveedgetimber.com\/wp-content\/uploads\/2025\/10\/WhatsApp-Image-2025-11-18-at-2.09.29-PM-300x300.jpeg 300w, https:\/\/liveedgetimber.com\/wp-content\/uploads\/2025\/10\/WhatsApp-Image-2025-11-18-at-2.09.29-PM-150x150.jpeg 150w, https:\/\/liveedgetimber.com\/wp-content\/uploads\/2025\/10\/WhatsApp-Image-2025-11-18-at-2.09.29-PM-100x100.jpeg 100w, https:\/\/liveedgetimber.com\/wp-content\/uploads\/2025\/10\/WhatsApp-Image-2025-11-18-at-2.09.29-PM-50x50.jpeg 50w\" sizes=\"auto, (max-width: 300px) 100vw, 300px\" \/><\/div>\n\t\t\t\t\t<div class=\"wc-block-grid__product-title\">Bois franc s\u00e9ch\u00e9<\/div>\n\t\t\t\t<\/a>\n\t\t\t\t<div class=\"wc-block-grid__product-price price\"><span class=\"woocommerce-Price-amount amount\"><span class=\"woocommerce-Price-currencySymbol\">CAD $<\/span>&nbsp;195.00<\/span><\/div>\n\t\t\t\t\n\t\t\t\t<div class=\"wp-block-button wc-block-grid__product-add-to-cart\"><a href=\"\/fr\/wp-json\/wp\/v2\/pages\/1562?add-to-cart=2731\" aria-label=\"Ajouter au panier\u00a0: &ldquo;Bois franc s\u00e9ch\u00e9&rdquo;\" data-quantity=\"1\" data-product_id=\"2731\" data-product_sku=\"KD:G14010\" data-price=\"195\" rel=\"nofollow\" class=\"wp-block-button__link wp-element-button add_to_cart_button ajax_add_to_cart\">Ajouter au panier<\/a><\/div>\n\t\t\t<\/li><\/ul><\/div><\/div>\n<\/div>\n<\/section>\n","protected":false},"excerpt":{"rendered":"<p>Panier Personnalisez chaque d\u00e9tail, du bois au style Chez Live Edge Timber, vous ne choisissez pas simplement un produit, vous imaginez un projet. Gr\u00e2ce \u00e0 notre large s\u00e9lection de mat\u00e9riaux, de finitions et de configurations, vous concevez un meuble unique, selon vos go\u00fbt.<\/p>\n","protected":false},"author":1,"featured_media":0,"parent":0,"menu_order":0,"comment_status":"closed","ping_status":"closed","template":"","meta":{"_acf_changed":false,"inline_featured_image":false,"footnotes":""},"class_list":["post-1562","page","type-page","status-publish","hentry"],"acf":[],"yoast_head":"<!-- This site is optimized with the Yoast SEO plugin v27.5 - https:\/\/yoast.com\/product\/yoast-seo-wordpress\/ -->\n<title>Panier | Live Edge Timber Co. | Natural Wood Furniture &amp; DIY Materials<\/title>\n<meta name=\"robots\" content=\"index, follow, max-snippet:-1, max-image-preview:large, max-video-preview:-1\" \/>\n<link rel=\"canonical\" href=\"https:\/\/liveedgetimber.com\/fr\/panier\/\" \/>\n<meta property=\"og:locale\" content=\"fr_FR\" \/>\n<meta property=\"og:type\" content=\"article\" \/>\n<meta property=\"og:title\" content=\"Panier | Live Edge Timber Co. | Natural Wood Furniture &amp; DIY Materials\" \/>\n<meta property=\"og:description\" content=\"Panier Personnalisez chaque d\u00e9tail, du bois au style Chez Live Edge Timber, vous ne choisissez pas simplement un produit, vous imaginez un projet. Gr\u00e2ce \u00e0 notre large s\u00e9lection de mat\u00e9riaux, de finitions et de configurations, vous concevez un meuble unique, selon vos go\u00fbt.\" \/>\n<meta property=\"og:url\" content=\"https:\/\/liveedgetimber.com\/fr\/panier\/\" \/>\n<meta property=\"og:site_name\" content=\"Live Edge Timber Co. | Natural Wood Furniture &amp; DIY Materials\" \/>\n<meta property=\"article:modified_time\" content=\"2026-01-07T15:55:10+00:00\" \/>\n<meta property=\"og:image\" content=\"https:\/\/liveedgetimber.com\/wp-content\/uploads\/2025\/07\/hero_bg-1024x576.png\" \/>\n<meta name=\"twitter:card\" content=\"summary_large_image\" \/>\n<meta name=\"twitter:label1\" content=\"Dur\u00e9e de lecture estim\u00e9e\" \/>\n\t<meta name=\"twitter:data1\" content=\"1 minute\" \/>\n<script type=\"application\/ld+json\" class=\"yoast-schema-graph\">{\"@context\":\"https:\\\/\\\/schema.org\",\"@graph\":[{\"@type\":\"WebPage\",\"@id\":\"https:\\\/\\\/liveedgetimber.com\\\/fr\\\/panier\\\/\",\"url\":\"https:\\\/\\\/liveedgetimber.com\\\/fr\\\/panier\\\/\",\"name\":\"Panier | Live Edge Timber Co. | Natural Wood Furniture &amp; DIY Materials\",\"isPartOf\":{\"@id\":\"https:\\\/\\\/liveedgetimber.com\\\/fr\\\/#website\"},\"primaryImageOfPage\":{\"@id\":\"https:\\\/\\\/liveedgetimber.com\\\/fr\\\/panier\\\/#primaryimage\"},\"image\":{\"@id\":\"https:\\\/\\\/liveedgetimber.com\\\/fr\\\/panier\\\/#primaryimage\"},\"thumbnailUrl\":\"https:\\\/\\\/liveedgetimber.com\\\/wp-content\\\/uploads\\\/2025\\\/07\\\/hero_bg-1024x576.png\",\"datePublished\":\"2025-07-08T16:21:40+00:00\",\"dateModified\":\"2026-01-07T15:55:10+00:00\",\"breadcrumb\":{\"@id\":\"https:\\\/\\\/liveedgetimber.com\\\/fr\\\/panier\\\/#breadcrumb\"},\"inLanguage\":\"fr-FR\",\"potentialAction\":[{\"@type\":\"ReadAction\",\"target\":[\"https:\\\/\\\/liveedgetimber.com\\\/fr\\\/panier\\\/\"]}]},{\"@type\":\"ImageObject\",\"inLanguage\":\"fr-FR\",\"@id\":\"https:\\\/\\\/liveedgetimber.com\\\/fr\\\/panier\\\/#primaryimage\",\"url\":\"https:\\\/\\\/liveedgetimber.com\\\/wp-content\\\/uploads\\\/2025\\\/07\\\/hero_bg-1024x576.png\",\"contentUrl\":\"https:\\\/\\\/liveedgetimber.com\\\/wp-content\\\/uploads\\\/2025\\\/07\\\/hero_bg-1024x576.png\"},{\"@type\":\"BreadcrumbList\",\"@id\":\"https:\\\/\\\/liveedgetimber.com\\\/fr\\\/panier\\\/#breadcrumb\",\"itemListElement\":[{\"@type\":\"ListItem\",\"position\":1,\"name\":\"Home\",\"item\":\"https:\\\/\\\/liveedgetimber.com\\\/fr\\\/\"},{\"@type\":\"ListItem\",\"position\":2,\"name\":\"Panier\"}]},{\"@type\":\"WebSite\",\"@id\":\"https:\\\/\\\/liveedgetimber.com\\\/fr\\\/#website\",\"url\":\"https:\\\/\\\/liveedgetimber.com\\\/fr\\\/\",\"name\":\"Live Edge Timber Co. | Natural Wood Furniture & DIY Materials\",\"description\":\"\",\"publisher\":{\"@id\":\"https:\\\/\\\/liveedgetimber.com\\\/fr\\\/#organization\"},\"potentialAction\":[{\"@type\":\"SearchAction\",\"target\":{\"@type\":\"EntryPoint\",\"urlTemplate\":\"https:\\\/\\\/liveedgetimber.com\\\/fr\\\/?s={search_term_string}\"},\"query-input\":{\"@type\":\"PropertyValueSpecification\",\"valueRequired\":true,\"valueName\":\"search_term_string\"}}],\"inLanguage\":\"fr-FR\"},{\"@type\":\"Organization\",\"@id\":\"https:\\\/\\\/liveedgetimber.com\\\/fr\\\/#organization\",\"name\":\"Live Edge Timber Co. | Natural Wood Furniture & DIY Materials\",\"url\":\"https:\\\/\\\/liveedgetimber.com\\\/fr\\\/\",\"logo\":{\"@type\":\"ImageObject\",\"inLanguage\":\"fr-FR\",\"@id\":\"https:\\\/\\\/liveedgetimber.com\\\/fr\\\/#\\\/schema\\\/logo\\\/image\\\/\",\"url\":\"https:\\\/\\\/liveedgetimber.com\\\/wp-content\\\/uploads\\\/2025\\\/06\\\/logo.svg\",\"contentUrl\":\"https:\\\/\\\/liveedgetimber.com\\\/wp-content\\\/uploads\\\/2025\\\/06\\\/logo.svg\",\"width\":239,\"height\":81,\"caption\":\"Live Edge Timber Co. | Natural Wood Furniture & DIY Materials\"},\"image\":{\"@id\":\"https:\\\/\\\/liveedgetimber.com\\\/fr\\\/#\\\/schema\\\/logo\\\/image\\\/\"}}]}<\/script>\n<!-- \/ Yoast SEO plugin. -->","yoast_head_json":{"title":"Panier | Live Edge Timber Co. | Natural Wood Furniture &amp; DIY Materials","robots":{"index":"index","follow":"follow","max-snippet":"max-snippet:-1","max-image-preview":"max-image-preview:large","max-video-preview":"max-video-preview:-1"},"canonical":"https:\/\/liveedgetimber.com\/fr\/panier\/","og_locale":"fr_FR","og_type":"article","og_title":"Panier | Live Edge Timber Co. | Natural Wood Furniture &amp; DIY Materials","og_description":"Panier Personnalisez chaque d\u00e9tail, du bois au style Chez Live Edge Timber, vous ne choisissez pas simplement un produit, vous imaginez un projet. Gr\u00e2ce \u00e0 notre large s\u00e9lection de mat\u00e9riaux, de finitions et de configurations, vous concevez un meuble unique, selon vos go\u00fbt.","og_url":"https:\/\/liveedgetimber.com\/fr\/panier\/","og_site_name":"Live Edge Timber Co. | Natural Wood Furniture &amp; DIY Materials","article_modified_time":"2026-01-07T15:55:10+00:00","og_image":[{"url":"https:\/\/liveedgetimber.com\/wp-content\/uploads\/2025\/07\/hero_bg-1024x576.png","type":"","width":"","height":""}],"twitter_card":"summary_large_image","twitter_misc":{"Dur\u00e9e de lecture estim\u00e9e":"1 minute"},"schema":{"@context":"https:\/\/schema.org","@graph":[{"@type":"WebPage","@id":"https:\/\/liveedgetimber.com\/fr\/panier\/","url":"https:\/\/liveedgetimber.com\/fr\/panier\/","name":"Panier | Live Edge Timber Co. | Natural Wood Furniture &amp; DIY Materials","isPartOf":{"@id":"https:\/\/liveedgetimber.com\/fr\/#website"},"primaryImageOfPage":{"@id":"https:\/\/liveedgetimber.com\/fr\/panier\/#primaryimage"},"image":{"@id":"https:\/\/liveedgetimber.com\/fr\/panier\/#primaryimage"},"thumbnailUrl":"https:\/\/liveedgetimber.com\/wp-content\/uploads\/2025\/07\/hero_bg-1024x576.png","datePublished":"2025-07-08T16:21:40+00:00","dateModified":"2026-01-07T15:55:10+00:00","breadcrumb":{"@id":"https:\/\/liveedgetimber.com\/fr\/panier\/#breadcrumb"},"inLanguage":"fr-FR","potentialAction":[{"@type":"ReadAction","target":["https:\/\/liveedgetimber.com\/fr\/panier\/"]}]},{"@type":"ImageObject","inLanguage":"fr-FR","@id":"https:\/\/liveedgetimber.com\/fr\/panier\/#primaryimage","url":"https:\/\/liveedgetimber.com\/wp-content\/uploads\/2025\/07\/hero_bg-1024x576.png","contentUrl":"https:\/\/liveedgetimber.com\/wp-content\/uploads\/2025\/07\/hero_bg-1024x576.png"},{"@type":"BreadcrumbList","@id":"https:\/\/liveedgetimber.com\/fr\/panier\/#breadcrumb","itemListElement":[{"@type":"ListItem","position":1,"name":"Home","item":"https:\/\/liveedgetimber.com\/fr\/"},{"@type":"ListItem","position":2,"name":"Panier"}]},{"@type":"WebSite","@id":"https:\/\/liveedgetimber.com\/fr\/#website","url":"https:\/\/liveedgetimber.com\/fr\/","name":"Live Edge Timber Co. | Natural Wood Furniture & DIY Materials","description":"","publisher":{"@id":"https:\/\/liveedgetimber.com\/fr\/#organization"},"potentialAction":[{"@type":"SearchAction","target":{"@type":"EntryPoint","urlTemplate":"https:\/\/liveedgetimber.com\/fr\/?s={search_term_string}"},"query-input":{"@type":"PropertyValueSpecification","valueRequired":true,"valueName":"search_term_string"}}],"inLanguage":"fr-FR"},{"@type":"Organization","@id":"https:\/\/liveedgetimber.com\/fr\/#organization","name":"Live Edge Timber Co. | Natural Wood Furniture & DIY Materials","url":"https:\/\/liveedgetimber.com\/fr\/","logo":{"@type":"ImageObject","inLanguage":"fr-FR","@id":"https:\/\/liveedgetimber.com\/fr\/#\/schema\/logo\/image\/","url":"https:\/\/liveedgetimber.com\/wp-content\/uploads\/2025\/06\/logo.svg","contentUrl":"https:\/\/liveedgetimber.com\/wp-content\/uploads\/2025\/06\/logo.svg","width":239,"height":81,"caption":"Live Edge Timber Co. | Natural Wood Furniture & DIY Materials"},"image":{"@id":"https:\/\/liveedgetimber.com\/fr\/#\/schema\/logo\/image\/"}}]}},"_links":{"self":[{"href":"https:\/\/liveedgetimber.com\/fr\/wp-json\/wp\/v2\/pages\/1562","targetHints":{"allow":["GET"]}}],"collection":[{"href":"https:\/\/liveedgetimber.com\/fr\/wp-json\/wp\/v2\/pages"}],"about":[{"href":"https:\/\/liveedgetimber.com\/fr\/wp-json\/wp\/v2\/types\/page"}],"author":[{"embeddable":true,"href":"https:\/\/liveedgetimber.com\/fr\/wp-json\/wp\/v2\/users\/1"}],"replies":[{"embeddable":true,"href":"https:\/\/liveedgetimber.com\/fr\/wp-json\/wp\/v2\/comments?post=1562"}],"version-history":[{"count":0,"href":"https:\/\/liveedgetimber.com\/fr\/wp-json\/wp\/v2\/pages\/1562\/revisions"}],"wp:attachment":[{"href":"https:\/\/liveedgetimber.com\/fr\/wp-json\/wp\/v2\/media?parent=1562"}],"curies":[{"name":"wp","href":"https:\/\/api.w.org\/{rel}","templated":true}]}}