{"id":1087,"date":"2025-07-23T01:36:04","date_gmt":"2025-07-23T01:36:04","guid":{"rendered":"https:\/\/liveedgetimber.com\/about-us\/"},"modified":"2025-09-16T02:55:08","modified_gmt":"2025-09-16T02:55:08","slug":"a-propos","status":"publish","type":"page","link":"https:\/\/liveedgetimber.com\/fr\/a-propos\/","title":{"rendered":"\u00c0 propos"},"content":{"rendered":"\n<section class=\"wp-block-group alignfull hero_small is-layout-flow wp-block-group-is-layout-flow\">\n<figure class=\"wp-block-image size-large\"><img loading=\"lazy\" decoding=\"async\" width=\"1024\" height=\"576\" src=\"https:\/\/liveedgetimber.com\/wp-content\/uploads\/2025\/07\/hero_bg-1024x576.png\" alt=\"\" class=\"wp-image-110\" srcset=\"https:\/\/liveedgetimber.com\/wp-content\/uploads\/2025\/07\/hero_bg-1024x576.png 1024w, https:\/\/liveedgetimber.com\/wp-content\/uploads\/2025\/07\/hero_bg-600x338.png 600w, https:\/\/liveedgetimber.com\/wp-content\/uploads\/2025\/07\/hero_bg-300x169.png 300w, https:\/\/liveedgetimber.com\/wp-content\/uploads\/2025\/07\/hero_bg-768x432.png 768w, https:\/\/liveedgetimber.com\/wp-content\/uploads\/2025\/07\/hero_bg-1536x864.png 1536w, https:\/\/liveedgetimber.com\/wp-content\/uploads\/2025\/07\/hero_bg.png 1920w\" sizes=\"auto, (max-width: 1024px) 100vw, 1024px\" \/><\/figure>\n\n\n\n<div class=\"wp-block-group title_bottom is-layout-flow wp-block-group-is-layout-flow\">\n<h2 class=\"wp-block-heading\">\u00c0 propos<\/h2>\n<\/div>\n<\/section>\n\n\n\n<section class=\"wp-block-group alignfull image_content is-layout-flow wp-block-group-is-layout-flow\">\n<div class=\"wp-block-columns image_content_row is-layout-flex wp-container-core-columns-is-layout-28f84493 wp-block-columns-is-layout-flex\">\n<div class=\"wp-block-column row_left blue has-bleu-fonce-background-color has-background is-layout-flow wp-block-column-is-layout-flow\" style=\"flex-basis:44%\">\n<div class=\"wp-block-group stack_left is-vertical is-layout-flex wp-container-core-group-is-layout-fe9cc265 wp-block-group-is-layout-flex\">\n<p class=\"has-white-color has-text-color has-link-color wp-elements-ba1471ae0359a137638e9b6965b26442\">Notre mission est d\u2019offrir un concept unique qui permet \u00e0 chacun de cr\u00e9er des meubles \u00e0 la fois esth\u00e9tiques, fonctionnels et accessibles, pour embellir votre int\u00e9rieur avec authenticit\u00e9 et \u00e9l\u00e9gance.<\/p>\n\n\n\n<p class=\"has-white-color has-text-color has-link-color wp-elements-0b04d71bdde3d372e0ddcade1c39fc1d\">Chez Live Edge Timber, notre mission est simple : fournir des produits de mobilier de qualit\u00e9 \u00e0 des prix abordables. Nous croyons qu\u2019un bel int\u00e9rieur ne devrait pas \u00eatre un luxe.<\/p>\n\n\n\n<p class=\"has-white-color has-text-color has-link-color wp-elements-f64c68bab1229afb3e939b752486a021\">Notre objectif est de vous donner les moyens de concevoir votre propre projet d\u2019am\u00e9nagement, selon vos envies et votre budget. Gr\u00e2ce \u00e0 un large choix de mat\u00e9riaux, de finitions et de configurations, chacun peut cr\u00e9er un espace qui lui ressemble, sans compromis sur la qualit\u00e9.<\/p>\n\n\n\n<p class=\"has-white-color has-text-color has-link-color wp-elements-d1ae1b6da0356496c3785326e56215f7\">Nous sommes convaincus qu\u2019un impact positif passe aussi par la libert\u00e9 de choix et la transparence, que ce soit dans la conception, le prix ou la fabrication. Chaque produit est pens\u00e9 pour durer, fabriqu\u00e9 avec soin, et propos\u00e9 \u00e0 un prix juste.<\/p>\n<\/div>\n<\/div>\n\n\n\n<div class=\"wp-block-column row_right is-layout-flow wp-block-column-is-layout-flow\" style=\"flex-basis:56%\">\n<figure class=\"wp-block-image size-large image-fixed-animation\"><img loading=\"lazy\" decoding=\"async\" width=\"1024\" height=\"1019\" src=\"https:\/\/liveedgetimber.com\/wp-content\/uploads\/2025\/07\/images-1024x1019.png\" alt=\"\" class=\"wp-image-232\" srcset=\"https:\/\/liveedgetimber.com\/wp-content\/uploads\/2025\/07\/images-1024x1019.png 1024w, https:\/\/liveedgetimber.com\/wp-content\/uploads\/2025\/07\/images-300x300.png 300w, https:\/\/liveedgetimber.com\/wp-content\/uploads\/2025\/07\/images-100x100.png 100w, https:\/\/liveedgetimber.com\/wp-content\/uploads\/2025\/07\/images-600x597.png 600w, https:\/\/liveedgetimber.com\/wp-content\/uploads\/2025\/07\/images-150x150.png 150w, https:\/\/liveedgetimber.com\/wp-content\/uploads\/2025\/07\/images-768x764.png 768w, https:\/\/liveedgetimber.com\/wp-content\/uploads\/2025\/07\/images.png 1085w\" sizes=\"auto, (max-width: 1024px) 100vw, 1024px\" \/><\/figure>\n<\/div>\n<\/div>\n<\/section>\n\n\n\n<section class=\"wp-block-group alignfull deux_blocs_special_reverse general_padding_semidouble padding_bottom_big has-beige-clair-background-color has-background is-layout-flow wp-block-group-is-layout-flow\">\n<div class=\"wp-block-columns are-vertically-aligned-center is-layout-flex wp-container-core-columns-is-layout-9eaf4669 wp-block-columns-is-layout-flex\">\n<div class=\"wp-block-column is-vertically-aligned-center is-layout-flow wp-block-column-is-layout-flow\" style=\"flex-basis:52%\">\n<figure class=\"wp-block-image size-full image-fixed-animation\"><img loading=\"lazy\" decoding=\"async\" width=\"655\" height=\"824\" src=\"https:\/\/liveedgetimber.com\/wp-content\/uploads\/2025\/07\/image1_live.png\" alt=\"\" class=\"wp-image-199\" srcset=\"https:\/\/liveedgetimber.com\/wp-content\/uploads\/2025\/07\/image1_live.png 655w, https:\/\/liveedgetimber.com\/wp-content\/uploads\/2025\/07\/image1_live-600x755.png 600w, https:\/\/liveedgetimber.com\/wp-content\/uploads\/2025\/07\/image1_live-238x300.png 238w\" sizes=\"auto, (max-width: 655px) 100vw, 655px\" \/><\/figure>\n<\/div>\n\n\n\n<div class=\"wp-block-column is-vertically-aligned-center is-layout-flow wp-block-column-is-layout-flow\" style=\"flex-basis:48%\">\n<h5 class=\"wp-block-heading max_title_inside\">Donnez vie \u00e0 vos id\u00e9es, sans exploser votre budget.<\/h5>\n\n\n\n<div style=\"height:4.4rem\" aria-hidden=\"true\" class=\"wp-block-spacer\"><\/div>\n\n\n\n<p>On pense que tout le monde m\u00e9rite un int\u00e9rieur qui lui ressemble.<\/p>\n\n\n\n<div style=\"height:4.4rem\" aria-hidden=\"true\" class=\"wp-block-spacer\"><\/div>\n\n\n\n<p>Notre mission ? Vous aider \u00e0 cr\u00e9er l\u2019espace qui vous inspire, \u00e0 votre rythme, selon vos envies, et sans stress c\u00f4t\u00e9 prix. Que vous soyez fan de design minimaliste, de style industriel ou de touches plus naturelles, on vous laisse le choix Et parce que bien fabriquer, c\u2019est aussi bien penser, on met un point d\u2019honneur \u00e0 allier cr\u00e9ativit\u00e9, durabilit\u00e9 et respect du budget. Bref, chez nous, pas de fausses promesses, juste de bonnes id\u00e9es \u00e0 concr\u00e9tiser.<\/p>\n\n\n\n<div style=\"height:4.4rem\" aria-hidden=\"true\" class=\"wp-block-spacer\"><\/div>\n\n\n\n<div class=\"wp-block-buttons v2 is-layout-flex wp-block-buttons-is-layout-flex\">\n<div class=\"wp-block-button\"><a class=\"wp-block-button__link wp-element-button\">EN SAVOIR PLUS<\/a><\/div>\n<\/div>\n<\/div>\n<\/div>\n<\/section>\n\n\n\n<section class=\"wp-block-group alignfull deux_blocs_special general_padding_semidouble has-brun-sable-background-color has-background is-layout-flow wp-block-group-is-layout-flow\">\n<div class=\"wp-block-columns are-vertically-aligned-center is-layout-flex wp-container-core-columns-is-layout-9eaf4669 wp-block-columns-is-layout-flex\">\n<div class=\"wp-block-column is-vertically-aligned-center is-layout-flow wp-block-column-is-layout-flow\" style=\"flex-basis:48%\">\n<h5 class=\"wp-block-heading max_title_inside has-white-color has-text-color has-link-color wp-elements-8a164cf395bcfafb151de51405e6cf99\">Live Edge Timber \u2013 Du bois, du style, et une bonne dose d\u2019authenticit\u00e9<\/h5>\n\n\n\n<div style=\"height:4.4rem\" aria-hidden=\"true\" class=\"wp-block-spacer\"><\/div>\n\n\n\n<p class=\"has-white-color has-text-color has-link-color wp-elements-6a8c43d9ea11c501ea549fa66200846d\">Chez Live Edge Timber, on a une passion : transformer le bois en pi\u00e8ces uniques, pleines de caract\u00e8re. Notre sp\u00e9cialit\u00e9 ? Fabriquer des produits pour meubles en bois au design styl\u00e9, abordable et ultra versatile, pens\u00e9s pour s\u2019adapter \u00e0 tous les int\u00e9rieurs \u2013 du plus rustique au plus contemporain.<\/p>\n\n\n\n<div style=\"height:4.4rem\" aria-hidden=\"true\" class=\"wp-block-spacer\"><\/div>\n\n\n\n<p class=\"has-white-color has-text-color has-link-color wp-elements-80db7adeb0e43262ca6936468141353c\">R\u00e9sultat : des meubles \u00e0 la fois esth\u00e9tiques, fonctionnels et accessibles, que vous pouvez personnaliser \u00e0 votre go\u00fbt pour cr\u00e9er un espace qui vous ressemble vraiment.<\/p>\n\n\n\n<div style=\"height:4.4rem\" aria-hidden=\"true\" class=\"wp-block-spacer\"><\/div>\n\n\n\n<p class=\"has-white-color has-text-color has-link-color wp-elements-54bc2391e0b91af0bda44080c2e854e3\">Notre mission ? Offrir bien plus que du mobilier. Nous vous donnons les cl\u00e9s pour imaginer, cr\u00e9er et sublimer votre int\u00e9rieur avec authenticit\u00e9 et \u00e9l\u00e9gance \u2013 sans jamais sacrifier votre budget.<\/p>\n\n\n\n<div style=\"height:4.4rem\" aria-hidden=\"true\" class=\"wp-block-spacer\"><\/div>\n<\/div>\n\n\n\n<div class=\"wp-block-column is-vertically-aligned-center is-layout-flow wp-block-column-is-layout-flow\" style=\"flex-basis:52%\">\n<figure class=\"wp-block-image size-full image-fixed-animation\"><img loading=\"lazy\" decoding=\"async\" width=\"655\" height=\"824\" src=\"https:\/\/liveedgetimber.com\/wp-content\/uploads\/2025\/07\/image1_live.png\" alt=\"\" class=\"wp-image-199\" srcset=\"https:\/\/liveedgetimber.com\/wp-content\/uploads\/2025\/07\/image1_live.png 655w, https:\/\/liveedgetimber.com\/wp-content\/uploads\/2025\/07\/image1_live-600x755.png 600w, https:\/\/liveedgetimber.com\/wp-content\/uploads\/2025\/07\/image1_live-238x300.png 238w\" sizes=\"auto, (max-width: 655px) 100vw, 655px\" \/><\/figure>\n<\/div>\n<\/div>\n<\/section>\n\n\n\n<section class=\"wp-block-group alignfull double_block padding_general has-beige-clair-background-color has-background is-layout-flow wp-block-group-is-layout-flow\">\n<div class=\"wp-block-columns double_block_columns is-layout-flex wp-container-core-columns-is-layout-add9eb4b wp-block-columns-is-layout-flex\">\n<div class=\"wp-block-column left is-layout-flow wp-block-column-is-layout-flow\" style=\"flex-basis:49%\">\n<h5 class=\"wp-block-heading\">Cr\u00e9ez les meubles qui vous ressemblent, \u00e0 un prix qui fait plaisir.<\/h5>\n\n\n\n<div style=\"height:5rem\" aria-hidden=\"true\" class=\"wp-block-spacer\"><\/div>\n\n\n\n<p>Chez Live Edge Timber, on ne vend pas seulement des produits en bois : on vous donne les moyens de concevoir vos propres meubles, \u00e0 votre go\u00fbt, \u00e0 votre rythme, et surtout \u00e0 votre budget. Gr\u00e2ce \u00e0 notre gamme de pi\u00e8ces sur mesure et de mat\u00e9riaux de qualit\u00e9, vous imaginez, nous fabriquons \u2014 pour un r\u00e9sultat unique, durable et accessible.<\/p>\n\n\n\n<div style=\"height:3.6rem\" aria-hidden=\"true\" class=\"wp-block-spacer\"><\/div>\n\n\n\n<p>Chez Live Edge Timber, nous vous offrons la libert\u00e9 de concevoir vos propres meubles \u00e0 partir de mat\u00e9riaux naturels et robustes, \u00e0 un prix qui reste raisonnable.<br>Choisissez les dimensions, le style, l\u2019essence de bois : nous r\u00e9alisons des pi\u00e8ces sur mesure, pens\u00e9es pour s\u2019int\u00e9grer parfaitement \u00e0 votre int\u00e9rieur.<br>Un design unique, fait pour vous \u2014 sans compromis sur la qualit\u00e9 ni sur le prix.<\/p>\n<\/div>\n\n\n\n<div class=\"wp-block-column right is-layout-flow wp-block-column-is-layout-flow\" style=\"flex-basis:49%\">\n<h5 class=\"wp-block-heading\">Du bois, du style, et un monde de possibilit\u00e9s.<\/h5>\n\n\n\n<div style=\"height:5rem\" aria-hidden=\"true\" class=\"wp-block-spacer\"><\/div>\n\n\n\n<p>Chez Live Edge Timber, on cr\u00e9e des produits pour meubles en bois au design unique et accessible . Fabriquez un int\u00e9rieur qui vous ressemble \u2014 avec authenticit\u00e9, \u00e9l\u00e9gance et sans compromis.<\/p>\n<\/div>\n<\/div>\n<\/section>\n\n\n\n<section class=\"wp-block-group alignfull half_half is-layout-flow wp-block-group-is-layout-flow\">\n<div class=\"wp-block-columns is-layout-flex wp-container-core-columns-is-layout-28f84493 wp-block-columns-is-layout-flex\">\n<div class=\"wp-block-column left has-rose-pale-background-color has-background is-layout-flow wp-block-column-is-layout-flow\" style=\"flex-basis:50%\">\n<div class=\"wp-block-group is-vertical is-layout-flex wp-container-core-group-is-layout-fe9cc265 wp-block-group-is-layout-flex\">\n<p class=\"title_sections has-rose-pale-color has-foret-foncee-background-color has-text-color has-background has-link-color wp-elements-ee6d0ae3846ddfbe9f12f208edbd2358\">VISION<\/p>\n\n\n\n<div style=\"height:0px\" aria-hidden=\"true\" class=\"wp-block-spacer wp-container-content-40d3884b\"><\/div>\n\n\n\n<p>Notre vision repose sur l\u2019id\u00e9e de combiner le savoir-faire artisanal avec des mat\u00e9riaux nobles pour cr\u00e9er des pi\u00e8ces uniques. Nous souhaitons offrir des meubles en bois styl\u00e9s, durables et versatiles, capables de s\u2019adapter \u00e0 tous les int\u00e9rieurs, du plus contemporain au plus rustique.<\/p>\n\n\n\n<div style=\"height:0px\" aria-hidden=\"true\" class=\"wp-block-spacer wp-container-content-40d3884b\"><\/div>\n\n\n\n<p>Du bois, du style, et un monde de possibilit\u00e9s : c\u2019est ainsi que nous imaginons l\u2019am\u00e9nagement de demain, personnalis\u00e9, accessible et rempli d\u2019authenticit\u00e9.<\/p>\n\n\n\n<div style=\"height:0px\" aria-hidden=\"true\" class=\"wp-block-spacer wp-container-content-40d3884b\"><\/div>\n<\/div>\n<\/div>\n\n\n\n<div class=\"wp-block-column right has-foret-foncee-background-color has-background is-layout-flow wp-block-column-is-layout-flow\" style=\"flex-basis:50%\">\n<div class=\"wp-block-group is-vertical is-layout-flex wp-container-core-group-is-layout-fe9cc265 wp-block-group-is-layout-flex\">\n<p class=\"title_sections has-foret-foncee-color has-rose-pale-background-color has-text-color has-background has-link-color wp-elements-19130aea67ea9cf199c0074eef13ec16\">MISSION<\/p>\n\n\n\n<div style=\"height:0px\" aria-hidden=\"true\" class=\"wp-block-spacer wp-container-content-8124675d\"><\/div>\n\n\n\n<p class=\"has-rose-pale-color has-text-color has-link-color wp-elements-ab28ff28c5dee692b1e55bc2be8f6019\">Chez Live Edge Timber, nous croyons que tout le monde m\u00e9rite un int\u00e9rieur qui lui ressemble. Nous avons \u00e0 c\u0153ur de rendre le design accessible, sans compromis sur le style, la qualit\u00e9 ou le budget.<\/p>\n\n\n\n<div style=\"height:0px\" aria-hidden=\"true\" class=\"wp-block-spacer wp-container-content-40d3884b\"><\/div>\n\n\n\n<h6 class=\"wp-block-heading has-white-color has-text-color has-link-color wp-elements-0f97725138039ff848c03309356dfd80\">Nos convictions<\/h6>\n\n\n\n<div style=\"height:0px\" aria-hidden=\"true\" class=\"wp-block-spacer wp-container-content-40d3884b\"><\/div>\n\n\n\n<p class=\"has-white-color has-text-color has-link-color wp-elements-cbf461f701eff86353d122fcc0ff5ce0\">Fournir des produits de la meilleure qualit\u00e9 \u00e0 des prix comp\u00e9titifs.<\/p>\n\n\n\n<p class=\"has-white-color has-text-color has-link-color wp-elements-e64859375d741449b416ef56d1bc479c\">Nous sommes fiers de chaque article que nous exp\u00e9dions.<\/p>\n\n\n\n<p class=\"has-white-color has-text-color has-link-color wp-elements-026cb0ce732dbb385890553bd913a564\">Inspirer nos clients.<\/p>\n\n\n\n<p class=\"has-white-color has-text-color has-link-color wp-elements-e34356a10ffe318825873384d9519488\">Offrir le meilleur service client possible est au c\u0153ur de tout ce que nous faisons.<\/p>\n\n\n\n<p class=\"has-white-color has-text-color has-link-color wp-elements-9be7268a87dd0deb3c6a060c8a39edff\">Il faut s\u2019amuser en travaillant.<\/p>\n\n\n\n<p class=\"has-white-color has-text-color has-link-color wp-elements-111a023628971028e43ac63975bd2c2f\">Nous devons \u00eatre un employeur de choix.<\/p>\n<\/div>\n<\/div>\n<\/div>\n<\/section>\n","protected":false},"excerpt":{"rendered":"<p>\u00c0 propos Notre mission est d\u2019offrir un concept unique qui permet \u00e0 chacun de cr\u00e9er des meubles \u00e0 la fois esth\u00e9tiques, fonctionnels et accessibles, pour embellir votre int\u00e9rieur avec authenticit\u00e9 et \u00e9l\u00e9gance. Chez Live Edge Timber, notre mission est simple : fournir des produits de mobilier de qualit\u00e9 \u00e0 des prix abordables. Nous croyons qu\u2019un [&hellip;]<\/p>\n","protected":false},"author":1,"featured_media":0,"parent":0,"menu_order":0,"comment_status":"closed","ping_status":"closed","template":"","meta":{"_acf_changed":false,"inline_featured_image":false,"footnotes":""},"class_list":["post-1087","page","type-page","status-publish","hentry"],"acf":[],"yoast_head":"<!-- This site is optimized with the Yoast SEO plugin v27.5 - https:\/\/yoast.com\/product\/yoast-seo-wordpress\/ -->\n<title>\u00c0 propos | Live Edge Timber Co. | Natural Wood Furniture &amp; DIY Materials<\/title>\n<meta name=\"robots\" content=\"index, follow, max-snippet:-1, max-image-preview:large, max-video-preview:-1\" \/>\n<link rel=\"canonical\" href=\"https:\/\/liveedgetimber.com\/fr\/a-propos\/\" \/>\n<meta property=\"og:locale\" content=\"fr_FR\" \/>\n<meta property=\"og:type\" content=\"article\" \/>\n<meta property=\"og:title\" content=\"\u00c0 propos | Live Edge Timber Co. | Natural Wood Furniture &amp; DIY Materials\" \/>\n<meta property=\"og:description\" content=\"\u00c0 propos Notre mission est d\u2019offrir un concept unique qui permet \u00e0 chacun de cr\u00e9er des meubles \u00e0 la fois esth\u00e9tiques, fonctionnels et accessibles, pour embellir votre int\u00e9rieur avec authenticit\u00e9 et \u00e9l\u00e9gance. Chez Live Edge Timber, notre mission est simple : fournir des produits de mobilier de qualit\u00e9 \u00e0 des prix abordables. Nous croyons qu\u2019un [&hellip;]\" \/>\n<meta property=\"og:url\" content=\"https:\/\/liveedgetimber.com\/fr\/a-propos\/\" \/>\n<meta property=\"og:site_name\" content=\"Live Edge Timber Co. | Natural Wood Furniture &amp; DIY Materials\" \/>\n<meta property=\"article:modified_time\" content=\"2025-09-16T02:55:08+00:00\" \/>\n<meta property=\"og:image\" content=\"https:\/\/liveedgetimber.com\/wp-content\/uploads\/2025\/07\/hero_bg-1024x576.png\" \/>\n<meta name=\"twitter:card\" content=\"summary_large_image\" \/>\n<meta name=\"twitter:label1\" content=\"Dur\u00e9e de lecture estim\u00e9e\" \/>\n\t<meta name=\"twitter:data1\" content=\"4 minutes\" \/>\n<script type=\"application\/ld+json\" class=\"yoast-schema-graph\">{\"@context\":\"https:\\\/\\\/schema.org\",\"@graph\":[{\"@type\":\"WebPage\",\"@id\":\"https:\\\/\\\/liveedgetimber.com\\\/fr\\\/a-propos\\\/\",\"url\":\"https:\\\/\\\/liveedgetimber.com\\\/fr\\\/a-propos\\\/\",\"name\":\"\u00c0 propos | Live Edge Timber Co. | Natural Wood Furniture &amp; DIY Materials\",\"isPartOf\":{\"@id\":\"https:\\\/\\\/liveedgetimber.com\\\/fr\\\/#website\"},\"primaryImageOfPage\":{\"@id\":\"https:\\\/\\\/liveedgetimber.com\\\/fr\\\/a-propos\\\/#primaryimage\"},\"image\":{\"@id\":\"https:\\\/\\\/liveedgetimber.com\\\/fr\\\/a-propos\\\/#primaryimage\"},\"thumbnailUrl\":\"https:\\\/\\\/liveedgetimber.com\\\/wp-content\\\/uploads\\\/2025\\\/07\\\/hero_bg-1024x576.png\",\"datePublished\":\"2025-07-23T01:36:04+00:00\",\"dateModified\":\"2025-09-16T02:55:08+00:00\",\"breadcrumb\":{\"@id\":\"https:\\\/\\\/liveedgetimber.com\\\/fr\\\/a-propos\\\/#breadcrumb\"},\"inLanguage\":\"fr-FR\",\"potentialAction\":[{\"@type\":\"ReadAction\",\"target\":[\"https:\\\/\\\/liveedgetimber.com\\\/fr\\\/a-propos\\\/\"]}]},{\"@type\":\"ImageObject\",\"inLanguage\":\"fr-FR\",\"@id\":\"https:\\\/\\\/liveedgetimber.com\\\/fr\\\/a-propos\\\/#primaryimage\",\"url\":\"https:\\\/\\\/liveedgetimber.com\\\/wp-content\\\/uploads\\\/2025\\\/07\\\/hero_bg-1024x576.png\",\"contentUrl\":\"https:\\\/\\\/liveedgetimber.com\\\/wp-content\\\/uploads\\\/2025\\\/07\\\/hero_bg-1024x576.png\"},{\"@type\":\"BreadcrumbList\",\"@id\":\"https:\\\/\\\/liveedgetimber.com\\\/fr\\\/a-propos\\\/#breadcrumb\",\"itemListElement\":[{\"@type\":\"ListItem\",\"position\":1,\"name\":\"Home\",\"item\":\"https:\\\/\\\/liveedgetimber.com\\\/fr\\\/\"},{\"@type\":\"ListItem\",\"position\":2,\"name\":\"\u00c0 propos\"}]},{\"@type\":\"WebSite\",\"@id\":\"https:\\\/\\\/liveedgetimber.com\\\/fr\\\/#website\",\"url\":\"https:\\\/\\\/liveedgetimber.com\\\/fr\\\/\",\"name\":\"Live Edge Timber Co. | Natural Wood Furniture & DIY Materials\",\"description\":\"\",\"publisher\":{\"@id\":\"https:\\\/\\\/liveedgetimber.com\\\/fr\\\/#organization\"},\"potentialAction\":[{\"@type\":\"SearchAction\",\"target\":{\"@type\":\"EntryPoint\",\"urlTemplate\":\"https:\\\/\\\/liveedgetimber.com\\\/fr\\\/?s={search_term_string}\"},\"query-input\":{\"@type\":\"PropertyValueSpecification\",\"valueRequired\":true,\"valueName\":\"search_term_string\"}}],\"inLanguage\":\"fr-FR\"},{\"@type\":\"Organization\",\"@id\":\"https:\\\/\\\/liveedgetimber.com\\\/fr\\\/#organization\",\"name\":\"Live Edge Timber Co. | Natural Wood Furniture & DIY Materials\",\"url\":\"https:\\\/\\\/liveedgetimber.com\\\/fr\\\/\",\"logo\":{\"@type\":\"ImageObject\",\"inLanguage\":\"fr-FR\",\"@id\":\"https:\\\/\\\/liveedgetimber.com\\\/fr\\\/#\\\/schema\\\/logo\\\/image\\\/\",\"url\":\"https:\\\/\\\/liveedgetimber.com\\\/wp-content\\\/uploads\\\/2025\\\/06\\\/logo.svg\",\"contentUrl\":\"https:\\\/\\\/liveedgetimber.com\\\/wp-content\\\/uploads\\\/2025\\\/06\\\/logo.svg\",\"width\":239,\"height\":81,\"caption\":\"Live Edge Timber Co. | Natural Wood Furniture & DIY Materials\"},\"image\":{\"@id\":\"https:\\\/\\\/liveedgetimber.com\\\/fr\\\/#\\\/schema\\\/logo\\\/image\\\/\"}}]}<\/script>\n<!-- \/ Yoast SEO plugin. -->","yoast_head_json":{"title":"\u00c0 propos | Live Edge Timber Co. | Natural Wood Furniture &amp; DIY Materials","robots":{"index":"index","follow":"follow","max-snippet":"max-snippet:-1","max-image-preview":"max-image-preview:large","max-video-preview":"max-video-preview:-1"},"canonical":"https:\/\/liveedgetimber.com\/fr\/a-propos\/","og_locale":"fr_FR","og_type":"article","og_title":"\u00c0 propos | Live Edge Timber Co. | Natural Wood Furniture &amp; DIY Materials","og_description":"\u00c0 propos Notre mission est d\u2019offrir un concept unique qui permet \u00e0 chacun de cr\u00e9er des meubles \u00e0 la fois esth\u00e9tiques, fonctionnels et accessibles, pour embellir votre int\u00e9rieur avec authenticit\u00e9 et \u00e9l\u00e9gance. Chez Live Edge Timber, notre mission est simple : fournir des produits de mobilier de qualit\u00e9 \u00e0 des prix abordables. Nous croyons qu\u2019un [&hellip;]","og_url":"https:\/\/liveedgetimber.com\/fr\/a-propos\/","og_site_name":"Live Edge Timber Co. | Natural Wood Furniture &amp; DIY Materials","article_modified_time":"2025-09-16T02:55:08+00:00","og_image":[{"url":"https:\/\/liveedgetimber.com\/wp-content\/uploads\/2025\/07\/hero_bg-1024x576.png","type":"","width":"","height":""}],"twitter_card":"summary_large_image","twitter_misc":{"Dur\u00e9e de lecture estim\u00e9e":"4 minutes"},"schema":{"@context":"https:\/\/schema.org","@graph":[{"@type":"WebPage","@id":"https:\/\/liveedgetimber.com\/fr\/a-propos\/","url":"https:\/\/liveedgetimber.com\/fr\/a-propos\/","name":"\u00c0 propos | Live Edge Timber Co. | Natural Wood Furniture &amp; DIY Materials","isPartOf":{"@id":"https:\/\/liveedgetimber.com\/fr\/#website"},"primaryImageOfPage":{"@id":"https:\/\/liveedgetimber.com\/fr\/a-propos\/#primaryimage"},"image":{"@id":"https:\/\/liveedgetimber.com\/fr\/a-propos\/#primaryimage"},"thumbnailUrl":"https:\/\/liveedgetimber.com\/wp-content\/uploads\/2025\/07\/hero_bg-1024x576.png","datePublished":"2025-07-23T01:36:04+00:00","dateModified":"2025-09-16T02:55:08+00:00","breadcrumb":{"@id":"https:\/\/liveedgetimber.com\/fr\/a-propos\/#breadcrumb"},"inLanguage":"fr-FR","potentialAction":[{"@type":"ReadAction","target":["https:\/\/liveedgetimber.com\/fr\/a-propos\/"]}]},{"@type":"ImageObject","inLanguage":"fr-FR","@id":"https:\/\/liveedgetimber.com\/fr\/a-propos\/#primaryimage","url":"https:\/\/liveedgetimber.com\/wp-content\/uploads\/2025\/07\/hero_bg-1024x576.png","contentUrl":"https:\/\/liveedgetimber.com\/wp-content\/uploads\/2025\/07\/hero_bg-1024x576.png"},{"@type":"BreadcrumbList","@id":"https:\/\/liveedgetimber.com\/fr\/a-propos\/#breadcrumb","itemListElement":[{"@type":"ListItem","position":1,"name":"Home","item":"https:\/\/liveedgetimber.com\/fr\/"},{"@type":"ListItem","position":2,"name":"\u00c0 propos"}]},{"@type":"WebSite","@id":"https:\/\/liveedgetimber.com\/fr\/#website","url":"https:\/\/liveedgetimber.com\/fr\/","name":"Live Edge Timber Co. | Natural Wood Furniture & DIY Materials","description":"","publisher":{"@id":"https:\/\/liveedgetimber.com\/fr\/#organization"},"potentialAction":[{"@type":"SearchAction","target":{"@type":"EntryPoint","urlTemplate":"https:\/\/liveedgetimber.com\/fr\/?s={search_term_string}"},"query-input":{"@type":"PropertyValueSpecification","valueRequired":true,"valueName":"search_term_string"}}],"inLanguage":"fr-FR"},{"@type":"Organization","@id":"https:\/\/liveedgetimber.com\/fr\/#organization","name":"Live Edge Timber Co. | Natural Wood Furniture & DIY Materials","url":"https:\/\/liveedgetimber.com\/fr\/","logo":{"@type":"ImageObject","inLanguage":"fr-FR","@id":"https:\/\/liveedgetimber.com\/fr\/#\/schema\/logo\/image\/","url":"https:\/\/liveedgetimber.com\/wp-content\/uploads\/2025\/06\/logo.svg","contentUrl":"https:\/\/liveedgetimber.com\/wp-content\/uploads\/2025\/06\/logo.svg","width":239,"height":81,"caption":"Live Edge Timber Co. | Natural Wood Furniture & DIY Materials"},"image":{"@id":"https:\/\/liveedgetimber.com\/fr\/#\/schema\/logo\/image\/"}}]}},"_links":{"self":[{"href":"https:\/\/liveedgetimber.com\/fr\/wp-json\/wp\/v2\/pages\/1087","targetHints":{"allow":["GET"]}}],"collection":[{"href":"https:\/\/liveedgetimber.com\/fr\/wp-json\/wp\/v2\/pages"}],"about":[{"href":"https:\/\/liveedgetimber.com\/fr\/wp-json\/wp\/v2\/types\/page"}],"author":[{"embeddable":true,"href":"https:\/\/liveedgetimber.com\/fr\/wp-json\/wp\/v2\/users\/1"}],"replies":[{"embeddable":true,"href":"https:\/\/liveedgetimber.com\/fr\/wp-json\/wp\/v2\/comments?post=1087"}],"version-history":[{"count":0,"href":"https:\/\/liveedgetimber.com\/fr\/wp-json\/wp\/v2\/pages\/1087\/revisions"}],"wp:attachment":[{"href":"https:\/\/liveedgetimber.com\/fr\/wp-json\/wp\/v2\/media?parent=1087"}],"curies":[{"name":"wp","href":"https:\/\/api.w.org\/{rel}","templated":true}]}}