{"id":1083,"date":"2025-07-08T17:03:45","date_gmt":"2025-07-08T17:03:45","guid":{"rendered":"https:\/\/liveedgetimber.com\/tutorials\/"},"modified":"2025-09-15T16:28:23","modified_gmt":"2025-09-15T16:28:23","slug":"tutoriels","status":"publish","type":"page","link":"https:\/\/liveedgetimber.com\/fr\/tutoriels\/","title":{"rendered":"Tutoriels"},"content":{"rendered":"\n<section class=\"wp-block-group alignfull hero_small is-layout-flow wp-block-group-is-layout-flow\">\n<figure class=\"wp-block-image size-large\"><img loading=\"lazy\" decoding=\"async\" width=\"1024\" height=\"576\" src=\"https:\/\/liveedgetimber.com\/wp-content\/uploads\/2025\/07\/hero_bg-1024x576.png\" alt=\"\" class=\"wp-image-110\" srcset=\"https:\/\/liveedgetimber.com\/wp-content\/uploads\/2025\/07\/hero_bg-1024x576.png 1024w, https:\/\/liveedgetimber.com\/wp-content\/uploads\/2025\/07\/hero_bg-600x338.png 600w, https:\/\/liveedgetimber.com\/wp-content\/uploads\/2025\/07\/hero_bg-300x169.png 300w, https:\/\/liveedgetimber.com\/wp-content\/uploads\/2025\/07\/hero_bg-768x432.png 768w, https:\/\/liveedgetimber.com\/wp-content\/uploads\/2025\/07\/hero_bg-1536x864.png 1536w, https:\/\/liveedgetimber.com\/wp-content\/uploads\/2025\/07\/hero_bg.png 1920w\" sizes=\"auto, (max-width: 1024px) 100vw, 1024px\" \/><\/figure>\n\n\n\n<div class=\"wp-block-group title_bottom is-layout-flow wp-block-group-is-layout-flow\">\n<h2 class=\"wp-block-heading\">Tutoriels<\/h2>\n<\/div>\n<\/section>\n\n\n\n<section class=\"wp-block-group alignfull tutoriels padding_general has-beige-clair-background-color has-background is-layout-constrained wp-block-group-is-layout-constrained\"><div class=\"tutoriel_complet\">\n    <div class=\"content_grid\">\n        <div class=\"dropdowns\" id=\"blogue_category\" data-tax=\"blogue_category\">\n            <button id=\"openDropdown\" class=\"flex\">\n                <span class=\"current\">Filtrer les tutoriels<\/span>\n                <svg xmlns=\"http:\/\/www.w3.org\/2000\/svg\" width=\"19.664\" height=\"19.664\" viewBox=\"0 0 19.664 19.664\">\n                    <path d=\"M9.832,0,8.044,1.788l6.768,6.768H0v2.554H14.812L8.044,17.876l1.788,1.788,9.832-9.832Z\"\n                        transform=\"translate(19.664) rotate(90)\" fill=\"#f0e7db\" \/>\n                <\/svg>\n            <\/button>\n            <div class=\"dropdownItself\">\n                <div class=\"eachDropdown\" data-id=\"\">Tous les tutoriels<\/div>\n                                <div class=\"eachDropdown\" data-id=\"99\">LienTimber<\/div>\n                                <div class=\"eachDropdown\" data-id=\"100\">Plateau de table<\/div>\n                                <div class=\"eachDropdown\" data-id=\"315\">Pieds<\/div>\n                                <div class=\"eachDropdown\" data-id=\"316\">G\u00e9n\u00e9ral<\/div>\n                                <div class=\"eachDropdown\" data-id=\"317\">R\u00e9sine \u00e9poxy<\/div>\n                            <\/div>\n        <\/div>\n    <\/div>\n        <div class=\"tutoriel_container\">\n        \n<div class=\"tutorial_block\">\n    <div class=\"top\">\n                <div class=\"thumbnail_wrapper\">\n            <img loading=\"lazy\" decoding=\"async\" width=\"655\" height=\"353\" src=\"https:\/\/liveedgetimber.com\/wp-content\/uploads\/2025\/07\/getstarted.png\" class=\"attachment-large size-large wp-post-image\" alt=\"\" srcset=\"https:\/\/liveedgetimber.com\/wp-content\/uploads\/2025\/07\/getstarted.png 655w, https:\/\/liveedgetimber.com\/wp-content\/uploads\/2025\/07\/getstarted-300x162.png 300w, https:\/\/liveedgetimber.com\/wp-content\/uploads\/2025\/07\/getstarted-600x323.png 600w\" sizes=\"auto, (max-width: 655px) 100vw, 655px\" \/>        <\/div>\n            <\/div>\n\n    <div class=\"center\">\n                <h6 class=\"info_realisation_title\">Comment fabriquer des meubles en utilisant les pi\u00e8ces de connexion Timber Link<\/h6>\n        \n                <p class=\"info_realisation_texte\">Cette vid\u00e9o explique comment utiliser les pi\u00e8ces de connexion Timber Link pour fabriquer des meubles. Le pr\u00e9sentateur pr\u00e9sente les diff\u00e9rents types de dalles Timber Link disponibles, notamment les pi\u00e8ces centrales et les pi\u00e8ces de bord. Il montre \u00e9galement comment utiliser un niveau et des serre-joints pour cr\u00e9er une ar\u00eate droite pour la d\u00e9coupe des planches.<\/p>\n            <\/div>\n\n    <div class=\"bottom\">\n        <hr>\n                <a href=\"https:\/\/www.youtube.com\/watch?v=tDQ5THl7Z0M\" target=\"_blank\" rel=\"noopener noreferrer\" data-fancybox data-src=\"https:\/\/www.youtube.com\/watch?v=tDQ5THl7Z0M\"\n            data-type=\"iframe\" class=\"button_view_tutorial\">\n            VOIR LE TUTORIEL        <\/a>\n            <\/div>\n<\/div>\n\n<div class=\"tutorial_block\">\n    <div class=\"top\">\n                <div class=\"thumbnail_wrapper\">\n            <img loading=\"lazy\" decoding=\"async\" width=\"655\" height=\"353\" src=\"https:\/\/liveedgetimber.com\/wp-content\/uploads\/2025\/07\/step2.png\" class=\"attachment-large size-large wp-post-image\" alt=\"\" srcset=\"https:\/\/liveedgetimber.com\/wp-content\/uploads\/2025\/07\/step2.png 655w, https:\/\/liveedgetimber.com\/wp-content\/uploads\/2025\/07\/step2-600x323.png 600w, https:\/\/liveedgetimber.com\/wp-content\/uploads\/2025\/07\/step2-300x162.png 300w\" sizes=\"auto, (max-width: 655px) 100vw, 655px\" \/>        <\/div>\n            <\/div>\n\n    <div class=\"center\">\n                <h6 class=\"info_realisation_title\">Comment utiliser TimberLink<\/h6>\n        \n                <p class=\"info_realisation_texte\">Cette vid\u00e9o montre comment assembler du bois \u00e0 bord naturel avec la technique Timber Link. Le processus consiste \u00e0 utiliser des serre-joints, de la colle \u00e0 bois et des vis pour joindre les planches entre elles. La vid\u00e9o propose un guide \u00e9tape par \u00e9tape, avec des conseils pour appliquer la colle et aligner correctement les planches.<\/p>\n            <\/div>\n\n    <div class=\"bottom\">\n        <hr>\n                <a href=\"https:\/\/www.youtube.com\/watch?v=JQ9iqyz9jKw\" target=\"_blank\" rel=\"noopener noreferrer\" data-fancybox data-src=\"https:\/\/www.youtube.com\/watch?v=JQ9iqyz9jKw\"\n            data-type=\"iframe\" class=\"button_view_tutorial\">\n            VOIR LE TUTORIEL        <\/a>\n            <\/div>\n<\/div>\n    <\/div>\n<\/div>\n<\/section>\n","protected":false},"excerpt":{"rendered":"<p>Tutoriels<\/p>\n","protected":false},"author":1,"featured_media":0,"parent":0,"menu_order":0,"comment_status":"closed","ping_status":"closed","template":"","meta":{"_acf_changed":false,"inline_featured_image":false,"footnotes":""},"class_list":["post-1083","page","type-page","status-publish","hentry"],"acf":[],"yoast_head":"<!-- This site is optimized with the Yoast SEO plugin v27.5 - https:\/\/yoast.com\/product\/yoast-seo-wordpress\/ -->\n<title>Tutoriels | Live Edge Timber Co. | Natural Wood Furniture &amp; DIY Materials<\/title>\n<meta name=\"robots\" content=\"index, follow, max-snippet:-1, max-image-preview:large, max-video-preview:-1\" \/>\n<link rel=\"canonical\" href=\"https:\/\/liveedgetimber.com\/fr\/tutoriels\/\" \/>\n<meta property=\"og:locale\" content=\"fr_FR\" \/>\n<meta property=\"og:type\" content=\"article\" \/>\n<meta property=\"og:title\" content=\"Tutoriels | Live Edge Timber Co. | Natural Wood Furniture &amp; DIY Materials\" \/>\n<meta property=\"og:description\" content=\"Tutoriels\" \/>\n<meta property=\"og:url\" content=\"https:\/\/liveedgetimber.com\/fr\/tutoriels\/\" \/>\n<meta property=\"og:site_name\" content=\"Live Edge Timber Co. | Natural Wood Furniture &amp; DIY Materials\" \/>\n<meta property=\"article:modified_time\" content=\"2025-09-15T16:28:23+00:00\" \/>\n<meta property=\"og:image\" content=\"https:\/\/liveedgetimber.com\/wp-content\/uploads\/2025\/07\/hero_bg-1024x576.png\" \/>\n<meta name=\"twitter:card\" content=\"summary_large_image\" \/>\n<meta name=\"twitter:label1\" content=\"Dur\u00e9e de lecture estim\u00e9e\" \/>\n\t<meta name=\"twitter:data1\" content=\"1 minute\" \/>\n<script type=\"application\/ld+json\" class=\"yoast-schema-graph\">{\"@context\":\"https:\\\/\\\/schema.org\",\"@graph\":[{\"@type\":\"WebPage\",\"@id\":\"https:\\\/\\\/liveedgetimber.com\\\/fr\\\/tutoriels\\\/\",\"url\":\"https:\\\/\\\/liveedgetimber.com\\\/fr\\\/tutoriels\\\/\",\"name\":\"Tutoriels | Live Edge Timber Co. | Natural Wood Furniture &amp; DIY Materials\",\"isPartOf\":{\"@id\":\"https:\\\/\\\/liveedgetimber.com\\\/fr\\\/#website\"},\"primaryImageOfPage\":{\"@id\":\"https:\\\/\\\/liveedgetimber.com\\\/fr\\\/tutoriels\\\/#primaryimage\"},\"image\":{\"@id\":\"https:\\\/\\\/liveedgetimber.com\\\/fr\\\/tutoriels\\\/#primaryimage\"},\"thumbnailUrl\":\"https:\\\/\\\/liveedgetimber.com\\\/wp-content\\\/uploads\\\/2025\\\/07\\\/hero_bg-1024x576.png\",\"datePublished\":\"2025-07-08T17:03:45+00:00\",\"dateModified\":\"2025-09-15T16:28:23+00:00\",\"breadcrumb\":{\"@id\":\"https:\\\/\\\/liveedgetimber.com\\\/fr\\\/tutoriels\\\/#breadcrumb\"},\"inLanguage\":\"fr-FR\",\"potentialAction\":[{\"@type\":\"ReadAction\",\"target\":[\"https:\\\/\\\/liveedgetimber.com\\\/fr\\\/tutoriels\\\/\"]}]},{\"@type\":\"ImageObject\",\"inLanguage\":\"fr-FR\",\"@id\":\"https:\\\/\\\/liveedgetimber.com\\\/fr\\\/tutoriels\\\/#primaryimage\",\"url\":\"https:\\\/\\\/liveedgetimber.com\\\/wp-content\\\/uploads\\\/2025\\\/07\\\/hero_bg-1024x576.png\",\"contentUrl\":\"https:\\\/\\\/liveedgetimber.com\\\/wp-content\\\/uploads\\\/2025\\\/07\\\/hero_bg-1024x576.png\"},{\"@type\":\"BreadcrumbList\",\"@id\":\"https:\\\/\\\/liveedgetimber.com\\\/fr\\\/tutoriels\\\/#breadcrumb\",\"itemListElement\":[{\"@type\":\"ListItem\",\"position\":1,\"name\":\"Home\",\"item\":\"https:\\\/\\\/liveedgetimber.com\\\/fr\\\/\"},{\"@type\":\"ListItem\",\"position\":2,\"name\":\"Tutoriels\"}]},{\"@type\":\"WebSite\",\"@id\":\"https:\\\/\\\/liveedgetimber.com\\\/fr\\\/#website\",\"url\":\"https:\\\/\\\/liveedgetimber.com\\\/fr\\\/\",\"name\":\"Live Edge Timber Co. | Natural Wood Furniture & DIY Materials\",\"description\":\"\",\"publisher\":{\"@id\":\"https:\\\/\\\/liveedgetimber.com\\\/fr\\\/#organization\"},\"potentialAction\":[{\"@type\":\"SearchAction\",\"target\":{\"@type\":\"EntryPoint\",\"urlTemplate\":\"https:\\\/\\\/liveedgetimber.com\\\/fr\\\/?s={search_term_string}\"},\"query-input\":{\"@type\":\"PropertyValueSpecification\",\"valueRequired\":true,\"valueName\":\"search_term_string\"}}],\"inLanguage\":\"fr-FR\"},{\"@type\":\"Organization\",\"@id\":\"https:\\\/\\\/liveedgetimber.com\\\/fr\\\/#organization\",\"name\":\"Live Edge Timber Co. | Natural Wood Furniture & DIY Materials\",\"url\":\"https:\\\/\\\/liveedgetimber.com\\\/fr\\\/\",\"logo\":{\"@type\":\"ImageObject\",\"inLanguage\":\"fr-FR\",\"@id\":\"https:\\\/\\\/liveedgetimber.com\\\/fr\\\/#\\\/schema\\\/logo\\\/image\\\/\",\"url\":\"https:\\\/\\\/liveedgetimber.com\\\/wp-content\\\/uploads\\\/2025\\\/06\\\/logo.svg\",\"contentUrl\":\"https:\\\/\\\/liveedgetimber.com\\\/wp-content\\\/uploads\\\/2025\\\/06\\\/logo.svg\",\"width\":239,\"height\":81,\"caption\":\"Live Edge Timber Co. | Natural Wood Furniture & DIY Materials\"},\"image\":{\"@id\":\"https:\\\/\\\/liveedgetimber.com\\\/fr\\\/#\\\/schema\\\/logo\\\/image\\\/\"}}]}<\/script>\n<!-- \/ Yoast SEO plugin. -->","yoast_head_json":{"title":"Tutoriels | Live Edge Timber Co. | Natural Wood Furniture &amp; DIY Materials","robots":{"index":"index","follow":"follow","max-snippet":"max-snippet:-1","max-image-preview":"max-image-preview:large","max-video-preview":"max-video-preview:-1"},"canonical":"https:\/\/liveedgetimber.com\/fr\/tutoriels\/","og_locale":"fr_FR","og_type":"article","og_title":"Tutoriels | Live Edge Timber Co. | Natural Wood Furniture &amp; DIY Materials","og_description":"Tutoriels","og_url":"https:\/\/liveedgetimber.com\/fr\/tutoriels\/","og_site_name":"Live Edge Timber Co. | Natural Wood Furniture &amp; DIY Materials","article_modified_time":"2025-09-15T16:28:23+00:00","og_image":[{"url":"https:\/\/liveedgetimber.com\/wp-content\/uploads\/2025\/07\/hero_bg-1024x576.png","type":"","width":"","height":""}],"twitter_card":"summary_large_image","twitter_misc":{"Dur\u00e9e de lecture estim\u00e9e":"1 minute"},"schema":{"@context":"https:\/\/schema.org","@graph":[{"@type":"WebPage","@id":"https:\/\/liveedgetimber.com\/fr\/tutoriels\/","url":"https:\/\/liveedgetimber.com\/fr\/tutoriels\/","name":"Tutoriels | Live Edge Timber Co. | Natural Wood Furniture &amp; DIY Materials","isPartOf":{"@id":"https:\/\/liveedgetimber.com\/fr\/#website"},"primaryImageOfPage":{"@id":"https:\/\/liveedgetimber.com\/fr\/tutoriels\/#primaryimage"},"image":{"@id":"https:\/\/liveedgetimber.com\/fr\/tutoriels\/#primaryimage"},"thumbnailUrl":"https:\/\/liveedgetimber.com\/wp-content\/uploads\/2025\/07\/hero_bg-1024x576.png","datePublished":"2025-07-08T17:03:45+00:00","dateModified":"2025-09-15T16:28:23+00:00","breadcrumb":{"@id":"https:\/\/liveedgetimber.com\/fr\/tutoriels\/#breadcrumb"},"inLanguage":"fr-FR","potentialAction":[{"@type":"ReadAction","target":["https:\/\/liveedgetimber.com\/fr\/tutoriels\/"]}]},{"@type":"ImageObject","inLanguage":"fr-FR","@id":"https:\/\/liveedgetimber.com\/fr\/tutoriels\/#primaryimage","url":"https:\/\/liveedgetimber.com\/wp-content\/uploads\/2025\/07\/hero_bg-1024x576.png","contentUrl":"https:\/\/liveedgetimber.com\/wp-content\/uploads\/2025\/07\/hero_bg-1024x576.png"},{"@type":"BreadcrumbList","@id":"https:\/\/liveedgetimber.com\/fr\/tutoriels\/#breadcrumb","itemListElement":[{"@type":"ListItem","position":1,"name":"Home","item":"https:\/\/liveedgetimber.com\/fr\/"},{"@type":"ListItem","position":2,"name":"Tutoriels"}]},{"@type":"WebSite","@id":"https:\/\/liveedgetimber.com\/fr\/#website","url":"https:\/\/liveedgetimber.com\/fr\/","name":"Live Edge Timber Co. | Natural Wood Furniture & DIY Materials","description":"","publisher":{"@id":"https:\/\/liveedgetimber.com\/fr\/#organization"},"potentialAction":[{"@type":"SearchAction","target":{"@type":"EntryPoint","urlTemplate":"https:\/\/liveedgetimber.com\/fr\/?s={search_term_string}"},"query-input":{"@type":"PropertyValueSpecification","valueRequired":true,"valueName":"search_term_string"}}],"inLanguage":"fr-FR"},{"@type":"Organization","@id":"https:\/\/liveedgetimber.com\/fr\/#organization","name":"Live Edge Timber Co. | Natural Wood Furniture & DIY Materials","url":"https:\/\/liveedgetimber.com\/fr\/","logo":{"@type":"ImageObject","inLanguage":"fr-FR","@id":"https:\/\/liveedgetimber.com\/fr\/#\/schema\/logo\/image\/","url":"https:\/\/liveedgetimber.com\/wp-content\/uploads\/2025\/06\/logo.svg","contentUrl":"https:\/\/liveedgetimber.com\/wp-content\/uploads\/2025\/06\/logo.svg","width":239,"height":81,"caption":"Live Edge Timber Co. | Natural Wood Furniture & DIY Materials"},"image":{"@id":"https:\/\/liveedgetimber.com\/fr\/#\/schema\/logo\/image\/"}}]}},"_links":{"self":[{"href":"https:\/\/liveedgetimber.com\/fr\/wp-json\/wp\/v2\/pages\/1083","targetHints":{"allow":["GET"]}}],"collection":[{"href":"https:\/\/liveedgetimber.com\/fr\/wp-json\/wp\/v2\/pages"}],"about":[{"href":"https:\/\/liveedgetimber.com\/fr\/wp-json\/wp\/v2\/types\/page"}],"author":[{"embeddable":true,"href":"https:\/\/liveedgetimber.com\/fr\/wp-json\/wp\/v2\/users\/1"}],"replies":[{"embeddable":true,"href":"https:\/\/liveedgetimber.com\/fr\/wp-json\/wp\/v2\/comments?post=1083"}],"version-history":[{"count":0,"href":"https:\/\/liveedgetimber.com\/fr\/wp-json\/wp\/v2\/pages\/1083\/revisions"}],"wp:attachment":[{"href":"https:\/\/liveedgetimber.com\/fr\/wp-json\/wp\/v2\/media?parent=1083"}],"curies":[{"name":"wp","href":"https:\/\/api.w.org\/{rel}","templated":true}]}}